{"id":886,"date":"2024-04-10T17:31:22","date_gmt":"2024-04-10T15:31:22","guid":{"rendered":"https:\/\/waxholmscamping.com\/bra-att-veta-copy\/"},"modified":"2024-04-10T17:31:56","modified_gmt":"2024-04-10T15:31:56","slug":"oppettider-2","status":"publish","type":"page","link":"https:\/\/waxholmscamping.com\/en\/oppettider-2\/","title":{"rendered":"Bra att veta Copy"},"content":{"rendered":"<div class=\"wp-block-group\"><div class=\"wp-block-group__inner-container is-layout-flow wp-block-group-is-layout-flow\">\n<p>Tack f\u00f6r denna s\u00e4song! Den har varit helt fantastisk.  Bokningen \u00f6ppnar igen den 1 Februari, var redo d\u00e5. Och campingen \u00f6ppnar igen den 1 Maj fram till den 30 september 2023, v\u00e4lkomna. <\/p>\n\n\n\n<p>Lite koll p\u00e5 st\u00e4llet&#8230;<\/p>\n\n\n\n<ul class=\"has-black-color has-text-color wp-block-list\"><li>V\u00e4lkommen till oss men urs\u00e4kta r\u00f6ran. <\/li><li>V\u00e5r paddelbana har \u00f6ppnat bokas p\u00e5 www.matchi.se<\/li><li>Check-in is after 1:00 PM for a camping pitch and after 3:00 PM for a cabin. <\/li><li>We are members of SCR association, camping ID via My camping key is necessary for check-in. <\/li><li>To be respectful to our neighbours we are quiet on the premises after 10:00 PM<\/li><li>You need to be over 23 or in the company of a guardian to stay with us.<\/li><li>Our four-legged friends are welcome when they are leashed. <\/li><li>There are designated areas for barbecuing unless there isn't a ban stipulated by the council.  <\/li><li>R\u00f6ka g\u00f6r vi med h\u00e4nsyn till v\u00e5ra andra g\u00e4ster. <\/li><li>We are fond of our nature, and it's the only one we have, please help us to keep the facilities and the surrounding nature clean and tidy. <\/li><li>Check-out is by 11:00 AM, leave the area in serenity and peace <\/li><li>Ha en helt fantastisk vistelse <\/li><\/ul>\n<\/div><\/div>\n\n\n\n<p>GPS RT90<br>x:6589842<br>y:1641941<\/p>\n\n\n\n<p>GPS WGS84<br>LAT:59\u00ba 24&#8242; 18.78&#8243;<br>LONG:18\u00ba 18&#8242; 16.36&#8243;<\/p>\n\n<!--themify_builder_content-->\n<div id=\"themify_builder_content-886\" data-postid=\"886\" class=\"themify_builder_content themify_builder_content-886 themify_builder tf_clear\">\n    <\/div>\n<!--\/themify_builder_content-->","protected":false},"excerpt":{"rendered":"<p>Tack f\u00f6r denna s\u00e4song! Den har varit helt fantastisk. Bokningen \u00f6ppnar igen den 1 Februari, var redo d\u00e5. Och campingen \u00f6ppnar igen den 1 Maj fram till den 30 september 2023, v\u00e4lkomna. Lite koll p\u00e5 st\u00e4llet&#8230; V\u00e4lkommen till oss men urs\u00e4kta r\u00f6ran. V\u00e5r paddelbana har \u00f6ppnat bokas p\u00e5 www.matchi.se Incheckning sker efter klockan 13:00 f\u00f6r [&hellip;]<\/p>","protected":false},"author":1,"featured_media":270,"parent":0,"menu_order":0,"comment_status":"closed","ping_status":"closed","template":"","meta":{"advanced_seo_description":"","jetpack_seo_html_title":"","jetpack_seo_noindex":false,"footnotes":""},"class_list":["post-886","page","type-page","status-publish","has-post-thumbnail","hentry","has-post-title","has-post-date","has-post-category","has-post-tag","has-post-comment","has-post-author",""],"jetpack_sharing_enabled":true,"builder_content":"","_links":{"self":[{"href":"https:\/\/waxholmscamping.com\/en\/wp-json\/wp\/v2\/pages\/886","targetHints":{"allow":["GET"]}}],"collection":[{"href":"https:\/\/waxholmscamping.com\/en\/wp-json\/wp\/v2\/pages"}],"about":[{"href":"https:\/\/waxholmscamping.com\/en\/wp-json\/wp\/v2\/types\/page"}],"author":[{"embeddable":true,"href":"https:\/\/waxholmscamping.com\/en\/wp-json\/wp\/v2\/users\/1"}],"replies":[{"embeddable":true,"href":"https:\/\/waxholmscamping.com\/en\/wp-json\/wp\/v2\/comments?post=886"}],"version-history":[{"count":2,"href":"https:\/\/waxholmscamping.com\/en\/wp-json\/wp\/v2\/pages\/886\/revisions"}],"predecessor-version":[{"id":888,"href":"https:\/\/waxholmscamping.com\/en\/wp-json\/wp\/v2\/pages\/886\/revisions\/888"}],"wp:featuredmedia":[{"embeddable":true,"href":"https:\/\/waxholmscamping.com\/en\/wp-json\/wp\/v2\/media\/270"}],"wp:attachment":[{"href":"https:\/\/waxholmscamping.com\/en\/wp-json\/wp\/v2\/media?parent=886"}],"curies":[{"name":"wp","href":"https:\/\/api.w.org\/{rel}","templated":true}]}}