{"id":577,"date":"2023-02-19T16:05:57","date_gmt":"2023-02-19T15:05:57","guid":{"rendered":"https:\/\/waxholmscamping.com\/fragor-och-svar-copy\/"},"modified":"2026-04-28T09:11:14","modified_gmt":"2026-04-28T07:11:14","slug":"aktuellt","status":"publish","type":"page","link":"https:\/\/waxholmscamping.com\/en\/aktuellt\/","title":{"rendered":"Current"},"content":{"rendered":"<!--themify_builder_content-->\n<div id=\"themify_builder_content-577\" data-postid=\"577\" class=\"themify_builder_content themify_builder_content-577 themify_builder tf_clear\">\n    \t\t\t<!-- module_row -->\n\t<div  data-css_id=\"y8nq000\" data-lazy=\"1\" class=\"module_row themify_builder_row fullwidth_row_container tb_y8nq000 tb_first tf_w tf_clearfix\">\n\t    \t\t\t<div class=\"row_inner col_align_top tb_col_count_1 tf_box tf_rel\">\n\t\t            <div  data-lazy=\"1\" class=\"module_column tb-column col-full tb_d1kz032 first\">\n                                                        <div class=\"tb-column-inner tf_box tf_w\">\n                        <!-- module fancy heading -->\n<div  class=\"module module-fancy-heading tb_xabi900  tb_hide_divider\" data-lazy=\"1\">\n        <h1 class=\"fancy-heading tf_textc\">\n    <span class=\"main-head tf_block\">\n\t\t\t\t\tCurrent\t\t    <\/span>\n\n\t\n    <span class=\"sub-head tf_block tf_rel\">\n\t\t\t\t\t\t\t    <\/span>\n    <\/h1>\n<\/div>\n<!-- \/module fancy heading -->\n<!-- module image -->\n<div  class=\"module module-image tb_kabi707   image-center tf_mw\" data-lazy=\"1\">\n        <div class=\"image-wrap tf_rel tf_mw\">\n\t\t    <img loading=\"lazy\" decoding=\"async\" src=\"https:\/\/i0.wp.com\/waxholmscamping.com\/wp-content\/uploads\/2021\/06\/cropped-Waxholm_symbol_final_green_Rityta-1.png?resize=150%2C58&#038;ssl=1\" width=\"150\" height=\"58\" class=\"wp-post-image wp-image-98\" title=\"cropped-Waxholm_symbol_final_green_Drawing-1.png\" alt=\"cropped-Waxholm_symbol_final_green_Rityta-1.png\" srcset=\"https:\/\/i0.wp.com\/waxholmscamping.com\/wp-content\/uploads\/2021\/06\/cropped-Waxholm_symbol_final_green_Rityta-1.png?resize=150%2C58&amp;ssl=1 150w, https:\/\/i0.wp.com\/waxholmscamping.com\/wp-content\/uploads\/2021\/06\/cropped-Waxholm_symbol_final_green_Rityta-1.png?resize=300%2C118&amp;ssl=1 300w, https:\/\/i0.wp.com\/waxholmscamping.com\/wp-content\/uploads\/2021\/06\/cropped-Waxholm_symbol_final_green_Rityta-1.png?resize=100%2C39&amp;ssl=1 100w, https:\/\/i0.wp.com\/waxholmscamping.com\/wp-content\/uploads\/2021\/06\/cropped-Waxholm_symbol_final_green_Rityta-1.png?w=341&amp;ssl=1 341w\" sizes=\"auto, (max-width: 150px) 100vw, 150px\" data-recalc-dims=\"1\" \/>\t\n\t\t<\/div>\n\t<!-- \/image-wrap -->\n    \n    \t<\/div>\n<!-- \/module image -->                    <\/div>\n                            <\/div>\n            \t    <\/div>\n\t    <!-- \/row_inner -->\n\t<\/div>\n\t<!-- \/module_row -->\n\t\t\t\t<!-- module_row -->\n\t<div  data-lazy=\"1\" class=\"module_row themify_builder_row tb_8sj3077 tf_w tf_clearfix\">\n\t    \t\t\t<div class=\"row_inner col_align_top tb_col_count_1 tf_box tf_rel\">\n\t\t            <div  data-lazy=\"1\" class=\"module_column tb-column col-full tb_hgpo079 first\">\n                                                        <div class=\"tb-column-inner tf_box tf_w\">\n                        \t<div  data-lazy=\"1\" class=\"module_subrow themify_builder_sub_row tb_m3iu709 tf_w tf_clearfix\">\n\t    \t\t\t<div class=\"subrow_inner col_align_top tb_col_count_1 tf_box tf_w\">\n\t\t            <div  data-lazy=\"1\" class=\"module_column sub_column col-full tb_gu28070 first\">\n                                                        <div class=\"tb-column-inner tf_box tf_w\">\n                        <!-- module text -->\n<div  class=\"module module-text tb_1b93403  repeat\" data-lazy=\"1\">\n        <div  class=\"tb_text_wrap\">\n    <p data-start=\"801\" data-end=\"1011\"><strong data-start=\"801\" data-end=\"832\">\u00d6ppning den 1 maj!<\/strong><\/p>\n<p data-start=\"141\" data-end=\"337\">Vi \u00f6ppnar \u00e4ntligen d\u00f6rrarna f\u00f6r sommars\u00e4songen den 1 maj! <br>Fikets \u00f6ppettider i maj: helger och r\u00f6da dagar kl. 10-16. Varmt v\u00e4lkommen!<\/p>\n<p data-start=\"801\" data-end=\"1011\"><strong data-start=\"801\" data-end=\"832\">Jobba hos oss sommaren 2026<\/strong><\/p>\n<p data-start=\"141\" data-end=\"337\">Vill du tillbringa sommaren i en h\u00e4rlig sk\u00e4rg\u00e5rdsmilj\u00f6 och bli en del av v\u00e5rt fantastiska team? Nu s\u00f6ker vi engagerade och serviceinriktade medarbetare till <strong data-start=\"300\" data-end=\"323\">sommars\u00e4songen 2026<\/strong> p\u00e5 campingen.<\/p>\n<p data-start=\"339\" data-end=\"441\">Hos oss f\u00e5r du arbeta i en levande milj\u00f6 med g\u00e4ster fr\u00e5n hela v\u00e4rlden, d\u00e4r ingen dag \u00e4r den andra lik.<br><br>\u00c4r du \u00f6ver 20 \u00e5r och har k\u00f6rkort \u00e4r du varmt v\u00e4lkommen att skicka in din ans\u00f6kan till <a class=\"decorated-link cursor-pointer\" rel=\"noopener\" data-start=\"984\" data-end=\"1008\">info@waxholmcamping.com<\/a>.<\/p>\n<p data-start=\"1013\" data-end=\"1022\"><strong>Vi s\u00f6ker:<\/strong><\/p>\n<ul data-start=\"1024\" data-end=\"1109\">\n<li data-section-id=\"1uypvf7\" data-start=\"1024\" data-end=\"1039\">\n<p data-start=\"1026\" data-end=\"1039\">Campingv\u00e4rd<\/p>\n<\/li>\n<li data-section-id=\"adfic2\" data-start=\"1040\" data-end=\"1058\">\n<p data-start=\"1042\" data-end=\"1058\">Restaurangv\u00e4rd<\/p>\n<\/li>\n<li data-section-id=\"1usm7rf\" data-start=\"1059\" data-end=\"1077\">\n<p data-start=\"1061\" data-end=\"1077\">Omgivningsv\u00e4rd<\/p>\n<\/li>\n<li data-section-id=\"1q1h1vo\" data-start=\"1078\" data-end=\"1086\">\n<p data-start=\"1080\" data-end=\"1086\">Kock<\/p>\n<\/li>\n<li data-section-id=\"1fgzifa\" data-start=\"1087\" data-end=\"1109\">\n<p data-start=\"1089\" data-end=\"1109\">Serveringspersonal<br><br>V\u00e4lkommen med din ans\u00f6kan!<\/p>\n<\/li>\n<\/ul>\n<p>\u00a0<\/p>\n<p>\u00a0<\/p>\n<p>\u00a0<\/p>\n<p>\u00a0<\/p>    <\/div>\n<\/div>\n<!-- \/module text -->                    <\/div>\n                            <\/div>\n            \t    <\/div>\n\t<\/div><!-- \/themify_builder_sub_row -->\n\t                    <\/div>\n                            <\/div>\n            \t    <\/div>\n\t    <!-- \/row_inner -->\n\t<\/div>\n\t<!-- \/module_row -->\n\t<\/div>\n<!--\/themify_builder_content-->","protected":false},"excerpt":{"rendered":"<p>Aktuellt \u00d6ppning den 1 maj! Vi \u00f6ppnar \u00e4ntligen d\u00f6rrarna f\u00f6r sommars\u00e4songen den 1 maj! Fikets \u00f6ppettider i maj: helger och r\u00f6da dagar kl. 10-16. Varmt v\u00e4lkommen! Jobba hos oss sommaren 2026 Vill du tillbringa sommaren i en h\u00e4rlig sk\u00e4rg\u00e5rdsmilj\u00f6 och bli en del av v\u00e5rt fantastiska team? Nu s\u00f6ker vi engagerade och serviceinriktade medarbetare till [&hellip;]<\/p>","protected":false},"author":5,"featured_media":0,"parent":0,"menu_order":0,"comment_status":"closed","ping_status":"closed","template":"","meta":{"advanced_seo_description":"","jetpack_seo_html_title":"","jetpack_seo_noindex":false,"footnotes":""},"class_list":["post-577","page","type-page","status-publish","hentry","has-post-title","has-post-date","has-post-category","has-post-tag","has-post-comment","has-post-author",""],"jetpack_sharing_enabled":true,"builder_content":"<h1>Aktuellt<br\/><\/h1>\n<img src=\"https:\/\/waxholmscamping.com\/wp-content\/uploads\/2021\/06\/cropped-Waxholm_symbol_final_green_Rityta-1-150x58.png\" width=\"150\" height=\"58\" title=\"cropped-Waxholm_symbol_final_green_Rityta-1.png\" alt=\"cropped-Waxholm_symbol_final_green_Rityta-1.png\" srcset=\"https:\/\/i0.wp.com\/waxholmscamping.com\/wp-content\/uploads\/2021\/06\/cropped-Waxholm_symbol_final_green_Rityta-1.png?resize=150%2C58&amp;ssl=1 150w, https:\/\/i0.wp.com\/waxholmscamping.com\/wp-content\/uploads\/2021\/06\/cropped-Waxholm_symbol_final_green_Rityta-1.png?resize=300%2C118&amp;ssl=1 300w, https:\/\/i0.wp.com\/waxholmscamping.com\/wp-content\/uploads\/2021\/06\/cropped-Waxholm_symbol_final_green_Rityta-1.png?resize=100%2C39&amp;ssl=1 100w, https:\/\/i0.wp.com\/waxholmscamping.com\/wp-content\/uploads\/2021\/06\/cropped-Waxholm_symbol_final_green_Rityta-1.png?w=341&amp;ssl=1 341w\" sizes=\"(max-width: 150px) 100vw, 150px\" \/>\n<p data-start=\"801\" data-end=\"1011\"><strong data-start=\"801\" data-end=\"832\">\u00d6ppning den 1 maj!<\/strong><\/p> <p data-start=\"141\" data-end=\"337\">Vi \u00f6ppnar \u00e4ntligen d\u00f6rrarna f\u00f6r sommars\u00e4songen den 1 maj! <br>Fikets \u00f6ppettider i maj: helger och r\u00f6da dagar kl. 10-16. Varmt v\u00e4lkommen!<\/p> <p data-start=\"801\" data-end=\"1011\"><strong data-start=\"801\" data-end=\"832\">Jobba hos oss sommaren 2026<\/strong><\/p> <p data-start=\"141\" data-end=\"337\">Vill du tillbringa sommaren i en h\u00e4rlig sk\u00e4rg\u00e5rdsmilj\u00f6 och bli en del av v\u00e5rt fantastiska team? Nu s\u00f6ker vi engagerade och serviceinriktade medarbetare till <strong data-start=\"300\" data-end=\"323\">sommars\u00e4songen 2026<\/strong> p\u00e5 campingen.<\/p> <p data-start=\"339\" data-end=\"441\">Hos oss f\u00e5r du arbeta i en levande milj\u00f6 med g\u00e4ster fr\u00e5n hela v\u00e4rlden, d\u00e4r ingen dag \u00e4r den andra lik.<br><br>\u00c4r du \u00f6ver 20 \u00e5r och har k\u00f6rkort \u00e4r du varmt v\u00e4lkommen att skicka in din ans\u00f6kan till <a rel=\"noopener\" data-start=\"984\" data-end=\"1008\">info@waxholmscamping.com<\/a>.<\/p> <p data-start=\"1013\" data-end=\"1022\"><strong>Vi s\u00f6ker:<\/strong><\/p> <ul data-start=\"1024\" data-end=\"1109\"> <li data-section-id=\"1uypvf7\" data-start=\"1024\" data-end=\"1039\"> <p data-start=\"1026\" data-end=\"1039\">Campingv\u00e4rd<\/p> <\/li> <li data-section-id=\"adfic2\" data-start=\"1040\" data-end=\"1058\"> <p data-start=\"1042\" data-end=\"1058\">Restaurangv\u00e4rd<\/p> <\/li> <li data-section-id=\"1usm7rf\" data-start=\"1059\" data-end=\"1077\"> <p data-start=\"1061\" data-end=\"1077\">Omgivningsv\u00e4rd<\/p> <\/li> <li data-section-id=\"1q1h1vo\" data-start=\"1078\" data-end=\"1086\"> <p data-start=\"1080\" data-end=\"1086\">Kock<\/p> <\/li> <li data-section-id=\"1fgzifa\" data-start=\"1087\" data-end=\"1109\"> <p data-start=\"1089\" data-end=\"1109\">Serveringspersonal<br><br>V\u00e4lkommen med din ans\u00f6kan!<\/p> <\/li> <\/ul> <p>\u00a0<\/p> <p>\u00a0<\/p> <p>\u00a0<\/p> <p>\u00a0<\/p>","_links":{"self":[{"href":"https:\/\/waxholmscamping.com\/en\/wp-json\/wp\/v2\/pages\/577","targetHints":{"allow":["GET"]}}],"collection":[{"href":"https:\/\/waxholmscamping.com\/en\/wp-json\/wp\/v2\/pages"}],"about":[{"href":"https:\/\/waxholmscamping.com\/en\/wp-json\/wp\/v2\/types\/page"}],"author":[{"embeddable":true,"href":"https:\/\/waxholmscamping.com\/en\/wp-json\/wp\/v2\/users\/5"}],"replies":[{"embeddable":true,"href":"https:\/\/waxholmscamping.com\/en\/wp-json\/wp\/v2\/comments?post=577"}],"version-history":[{"count":51,"href":"https:\/\/waxholmscamping.com\/en\/wp-json\/wp\/v2\/pages\/577\/revisions"}],"predecessor-version":[{"id":1139,"href":"https:\/\/waxholmscamping.com\/en\/wp-json\/wp\/v2\/pages\/577\/revisions\/1139"}],"wp:attachment":[{"href":"https:\/\/waxholmscamping.com\/en\/wp-json\/wp\/v2\/media?parent=577"}],"curies":[{"name":"wp","href":"https:\/\/api.w.org\/{rel}","templated":true}]}}