{"id":419,"date":"2019-02-12T06:59:39","date_gmt":"2019-02-12T05:59:39","guid":{"rendered":"https:\/\/waxholmscamping.com\/about\/"},"modified":"2023-04-13T20:05:25","modified_gmt":"2023-04-13T18:05:25","slug":"omoss","status":"publish","type":"page","link":"https:\/\/waxholmscamping.com\/en\/omoss\/","title":{"rendered":"About us"},"content":{"rendered":"<!--themify_builder_content-->\n<div id=\"themify_builder_content-419\" data-postid=\"419\" class=\"themify_builder_content themify_builder_content-419 themify_builder tf_clear\">\n    \t\t\t<!-- module_row -->\n\t<div  data-css_id=\"9d46abd\" data-lazy=\"1\" class=\"module_row themify_builder_row fullwidth_row_container tb_9d46abd tb_first tf_w tf_clearfix\">\n\t    \t\t\t<div class=\"row_inner col_align_top tb_col_count_1 tf_box tf_rel\">\n\t\t            <div  data-lazy=\"1\" class=\"module_column tb-column col-full tb_7928ae4 first\">\n                                                        <div class=\"tb-column-inner tf_box tf_w\">\n                        <!-- module fancy heading -->\n<div  class=\"module module-fancy-heading tb_d137649  tb_hide_divider\" data-lazy=\"1\">\n        <h1 class=\"fancy-heading tf_textc\">\n    <span class=\"main-head tf_block\">\n\t\t\t\t\tAbout us\t\t    <\/span>\n\n\t\n    <span class=\"sub-head tf_block tf_rel\">\n\t\t\t\t\t\t\t    <\/span>\n    <\/h1>\n<\/div>\n<!-- \/module fancy heading -->\n<!-- module image -->\n<div  class=\"module module-image tb_f0b96dd   image-center tf_mw\" data-lazy=\"1\">\n        <div class=\"image-wrap tf_rel tf_mw\">\n\t\t    <img loading=\"lazy\" decoding=\"async\" src=\"https:\/\/i0.wp.com\/waxholmscamping.com\/wp-content\/uploads\/2021\/06\/cropped-Waxholm_symbol_final_green_Rityta-1.png?resize=150%2C58&#038;ssl=1\" width=\"150\" height=\"58\" class=\"wp-post-image wp-image-98\" title=\"cropped-Waxholm_symbol_final_green_Drawing-1.png\" alt=\"cropped-Waxholm_symbol_final_green_Rityta-1.png\" srcset=\"https:\/\/i0.wp.com\/waxholmscamping.com\/wp-content\/uploads\/2021\/06\/cropped-Waxholm_symbol_final_green_Rityta-1.png?resize=150%2C58&amp;ssl=1 150w, https:\/\/i0.wp.com\/waxholmscamping.com\/wp-content\/uploads\/2021\/06\/cropped-Waxholm_symbol_final_green_Rityta-1.png?resize=300%2C118&amp;ssl=1 300w, https:\/\/i0.wp.com\/waxholmscamping.com\/wp-content\/uploads\/2021\/06\/cropped-Waxholm_symbol_final_green_Rityta-1.png?resize=100%2C39&amp;ssl=1 100w, https:\/\/i0.wp.com\/waxholmscamping.com\/wp-content\/uploads\/2021\/06\/cropped-Waxholm_symbol_final_green_Rityta-1.png?w=341&amp;ssl=1 341w\" sizes=\"auto, (max-width: 150px) 100vw, 150px\" data-recalc-dims=\"1\" \/>\t\n\t\t<\/div>\n\t<!-- \/image-wrap -->\n    \n    \t<\/div>\n<!-- \/module image -->                    <\/div>\n                            <\/div>\n            \t    <\/div>\n\t    <!-- \/row_inner -->\n\t<\/div>\n\t<!-- \/module_row -->\n\t\t\t\t<!-- module_row -->\n\t<div  data-css_id=\"40f477e\" data-lazy=\"1\" class=\"module_row themify_builder_row fullwidth_row_container tb_40f477e tf_w tf_clearfix\">\n\t    \t\t\t<div class=\"row_inner col_align_top tb_col_count_1 tf_box tf_rel\">\n\t\t            <div  data-lazy=\"1\" class=\"module_column tb-column col-full tb_he9z468 first\">\n                                                        <div class=\"tb-column-inner tf_box tf_w\">\n                        <!-- module fancy heading -->\n<div  class=\"module module-fancy-heading tb_74ms468  tb_hide_divider\" data-lazy=\"1\">\n        <h3 class=\"fancy-heading tf_textc\">\n    <span class=\"main-head tf_block\">\n\t\t\t\t\tYour oasis in the archipelago.\t\t    <\/span>\n\n\t\n    <span class=\"sub-head tf_block tf_rel\">\n\t\t\t\t\tIt is a great vision. And nothing we do ourselves.\t\t    <\/span>\n    <\/h3>\n<\/div>\n<!-- \/module fancy heading -->\n<!-- module image -->\n<div  class=\"module module-image tb_s9b4469   image-center tf_mw\" data-lazy=\"1\">\n        <div class=\"image-wrap tf_rel tf_mw\">\n\t\t    <img loading=\"lazy\" decoding=\"async\" src=\"https:\/\/i0.wp.com\/waxholmscamping.com\/wp-content\/uploads\/2021\/06\/cropped-Waxholm_symbol_final_green_Rityta-1.png?resize=150%2C58&#038;ssl=1\" width=\"150\" height=\"58\" class=\"wp-post-image wp-image-98\" title=\"cropped-Waxholm_symbol_final_green_Drawing-1.png\" alt=\"cropped-Waxholm_symbol_final_green_Rityta-1.png\" srcset=\"https:\/\/i0.wp.com\/waxholmscamping.com\/wp-content\/uploads\/2021\/06\/cropped-Waxholm_symbol_final_green_Rityta-1.png?resize=150%2C58&amp;ssl=1 150w, https:\/\/i0.wp.com\/waxholmscamping.com\/wp-content\/uploads\/2021\/06\/cropped-Waxholm_symbol_final_green_Rityta-1.png?resize=300%2C118&amp;ssl=1 300w, https:\/\/i0.wp.com\/waxholmscamping.com\/wp-content\/uploads\/2021\/06\/cropped-Waxholm_symbol_final_green_Rityta-1.png?resize=100%2C39&amp;ssl=1 100w, https:\/\/i0.wp.com\/waxholmscamping.com\/wp-content\/uploads\/2021\/06\/cropped-Waxholm_symbol_final_green_Rityta-1.png?w=341&amp;ssl=1 341w\" sizes=\"auto, (max-width: 150px) 100vw, 150px\" data-recalc-dims=\"1\" \/>\t\n\t\t<\/div>\n\t<!-- \/image-wrap -->\n    \n    \t<\/div>\n<!-- \/module image -->                    <\/div>\n                            <\/div>\n            \t    <\/div>\n\t    <!-- \/row_inner -->\n\t<\/div>\n\t<!-- \/module_row -->\n\t\t\t\t<!-- module_row -->\n\t<div  data-lazy=\"1\" class=\"module_row themify_builder_row tb_t9c8462 tf_w tf_clearfix\">\n\t    \t\t\t<div class=\"row_inner col_align_top tb_col_count_2 tf_box tf_rel\">\n\t\t            <div  data-lazy=\"1\" class=\"module_column tb-column col4-2 tb_r6js469 first\">\n                                                        <div class=\"tb-column-inner tf_box tf_w\">\n                        <!-- module text -->\n<div  class=\"module module-text tb_1713dff  repeat\" data-lazy=\"1\">\n        <div  class=\"tb_text_wrap\">\n    <p class=\"has-text-color\">We have chosen to live, work and build our families in Vaxholm.<\/p>\n<p class=\"has-text-color\">Vaxholm is a fantastic place. A city in the middle of nature. A hub for the Archipelago. Yes you know. A place made to create childhood memories. So we had the opportunity to take over Eriks\u00f6 Camping.\u00a0<\/p>\n<p class=\"has-text-color\">Our ambition is to create a place where you want to come all year round.<br>At Waxholms Camping you come as you are: on foot from the other side of the island, by car, bicycle or by boat. Waxholms Camping summarizes our love for nature, beach life and Vaxholm \u2013 packaged in an oasis in the middle of nature.\u00a0<\/p>\n<p class=\"has-text-color\">Come as you are, leave us a little happier.\u00a0<\/p>\n<p class=\"has-text-color\"><span style=\"background-color: initial;\">Waxholms Camping is located in Vaxholm&#039;s outdoor area Eriks\u00f6, on Vax\u00f6n, which is Vaxholm&#039;s main island.<\/span>\u00a0Geographically, you will find us next to the bay with Bogesundslandet on one side and Kull\u00f6n on the other.\u00a0<\/p>\n<p class=\"has-text-color\">\u00a0<\/p>    <\/div>\n<\/div>\n<!-- \/module text -->                    <\/div>\n                            <\/div>\n                        <div  data-lazy=\"1\" class=\"module_column tb-column col4-2 tb_6dc7f32 last\">\n                                                        <div class=\"tb-column-inner tf_box tf_w\">\n                        <!-- module text -->\n<div  class=\"module module-text tb_9q6w469  repeat\" data-lazy=\"1\">\n        <div  class=\"tb_text_wrap\">\n    <div class=\"block two text-container\">\n<p class=\"has-text-color\">In terms of time, a few minutes from Vaxholm&#039;s city center and 30 minutes from Stockholm, but spiritually light years from the stress of the city, there is Eriks\u00f6 nature area. In the middle of the mixed forest consisting of pine, spruce oak, alder, beech, linden and birch and slopes covered with blue sedges and white sedges opens a beautiful beach with a restaurant and archipelago cottages. Here, the sounds of seabirds, forest birds, children eating ice cream and outdoor hikers mix.<\/p>\n<p class=\"has-text-color\"><span style=\"background-color: initial; font-size: 1em;\">The sandy beach invites you to lovely summer days with our newly opened cafe and you have all summer to find your favorite ice cream.<\/span><\/p>\n<p class=\"has-text-color\"><span style=\"background-color: initial;\">Around the island there is an exercise track for running, which in winter turns into a cross-country track.<\/span><span style=\"background-color: initial; font-size: 1em;\">\u00a0Along the illuminated track, there is the opportunity to slip into the outdoor gym or to finish with something refreshing in the cafe. You decide for yourself. We are here for you. Warm welcome.<\/span><\/p>\n<p class=\"has-text-color\"><i>Meryem &amp; Johan and Jonas &amp; Jessica with staff.\u00a0<\/i><\/p>\n<\/div>    <\/div>\n<\/div>\n<!-- \/module text -->                    <\/div>\n                            <\/div>\n            \t    <\/div>\n\t    <!-- \/row_inner -->\n\t<\/div>\n\t<!-- \/module_row -->\n\t\t\t\t<!-- module_row -->\n\t<div  data-css_id=\"f452d18\" data-lazy=\"1\" class=\"module_row themify_builder_row fullwidth tb_f452d18 tf_w tf_clearfix hide-tablet hide-mobile\">\n\t    \t\t\t<div class=\"row_inner col_align_top tb_col_count_2 tf_box tf_rel\">\n\t\t            <div  data-lazy=\"1\" class=\"module_column tb-column col4-2 tb_3ba2bff first\">\n                                                <\/div>\n                        <div  data-lazy=\"1\" class=\"module_column tb-column col4-2 tb_1373b9c last\">\n                                                <\/div>\n            \t    <\/div>\n\t    <!-- \/row_inner -->\n\t<\/div>\n\t<!-- \/module_row -->\n\t\t\t\t<!-- module_row -->\n\t<div  data-css_id=\"66d0518\" data-lazy=\"1\" class=\"module_row themify_builder_row fullwidth_row_container tb_66d0518 tf_w tf_clearfix\">\n\t    <div class=\"builder_row_cover tf_abs\"><\/div>\t\t\t<div class=\"row_inner col_align_middle gutter-none tb_col_count_2 tf_box tf_rel\">\n\t\t            <div  data-lazy=\"1\" class=\"module_column tb-column col3-1 tb_30632b1 first\">\n                                                <\/div>\n                        <div  data-lazy=\"1\" class=\"module_column tb-column col3-2 tb_ccfce94 last\">\n                                                        <div class=\"tb-column-inner tf_box tf_w\">\n                        <!-- module text -->\n<div  class=\"module module-text tb_d0c116a  repeat\" data-lazy=\"1\">\n        <div  class=\"tb_text_wrap\">\n    <p>Family business<\/p>    <\/div>\n<\/div>\n<!-- \/module text --><!-- module text -->\n<div  class=\"module module-text tb_zytc471  repeat\" data-lazy=\"1\">\n        <div  class=\"tb_text_wrap\">\n    <h3>&quot;Our ambition is to create a place where you want to come all year round.&quot;<\/h3>    <\/div>\n<\/div>\n<!-- \/module text -->                    <\/div>\n                            <\/div>\n            \t    <\/div>\n\t    <!-- \/row_inner -->\n\t<\/div>\n\t<!-- \/module_row -->\n\t<\/div>\n<!--\/themify_builder_content-->","protected":false},"excerpt":{"rendered":"<p>Om oss Din oas i sk\u00e4rg\u00e5rden.Det \u00e4r en stor vision. Och ingenting vi g\u00f6r sj\u00e4lva. Vi har valt att leva, arbeta och bygga upp v\u00e5ra familjer i Vaxholm. Vaxholm \u00e4r en fantastisk plats. En stad mitt i naturen. En knutpunkt f\u00f6r Sk\u00e4rdg\u00e5rden. Ja du vet.\u00a0En plats som gjord f\u00f6r att skapa barndomsminnen. S\u00e5 fick vi [&hellip;]<\/p>","protected":false},"author":1,"featured_media":0,"parent":0,"menu_order":0,"comment_status":"closed","ping_status":"closed","template":"","meta":{"advanced_seo_description":"","jetpack_seo_html_title":"","jetpack_seo_noindex":false,"footnotes":""},"class_list":["post-419","page","type-page","status-publish","hentry","has-post-title","has-post-date","has-post-category","has-post-tag","has-post-comment","has-post-author",""],"jetpack_sharing_enabled":true,"builder_content":"<h1>Om oss<br\/><\/h1>\n<img src=\"https:\/\/waxholmscamping.com\/wp-content\/uploads\/2021\/06\/cropped-Waxholm_symbol_final_green_Rityta-1-150x58.png\" width=\"150\" height=\"58\" title=\"cropped-Waxholm_symbol_final_green_Rityta-1.png\" alt=\"cropped-Waxholm_symbol_final_green_Rityta-1.png\" srcset=\"https:\/\/i0.wp.com\/waxholmscamping.com\/wp-content\/uploads\/2021\/06\/cropped-Waxholm_symbol_final_green_Rityta-1.png?resize=150%2C58&amp;ssl=1 150w, https:\/\/i0.wp.com\/waxholmscamping.com\/wp-content\/uploads\/2021\/06\/cropped-Waxholm_symbol_final_green_Rityta-1.png?resize=300%2C118&amp;ssl=1 300w, https:\/\/i0.wp.com\/waxholmscamping.com\/wp-content\/uploads\/2021\/06\/cropped-Waxholm_symbol_final_green_Rityta-1.png?resize=100%2C39&amp;ssl=1 100w, https:\/\/i0.wp.com\/waxholmscamping.com\/wp-content\/uploads\/2021\/06\/cropped-Waxholm_symbol_final_green_Rityta-1.png?w=341&amp;ssl=1 341w\" sizes=\"(max-width: 150px) 100vw, 150px\" \/>\n<h3>Din oas i sk\u00e4rg\u00e5rden.<br\/>Det \u00e4r en stor vision. Och ingenting vi g\u00f6r sj\u00e4lva.<\/h3>\n<img src=\"https:\/\/waxholmscamping.com\/wp-content\/uploads\/2021\/06\/cropped-Waxholm_symbol_final_green_Rityta-1-150x58.png\" width=\"150\" height=\"58\" title=\"cropped-Waxholm_symbol_final_green_Rityta-1.png\" alt=\"cropped-Waxholm_symbol_final_green_Rityta-1.png\" srcset=\"https:\/\/i0.wp.com\/waxholmscamping.com\/wp-content\/uploads\/2021\/06\/cropped-Waxholm_symbol_final_green_Rityta-1.png?resize=150%2C58&amp;ssl=1 150w, https:\/\/i0.wp.com\/waxholmscamping.com\/wp-content\/uploads\/2021\/06\/cropped-Waxholm_symbol_final_green_Rityta-1.png?resize=300%2C118&amp;ssl=1 300w, https:\/\/i0.wp.com\/waxholmscamping.com\/wp-content\/uploads\/2021\/06\/cropped-Waxholm_symbol_final_green_Rityta-1.png?resize=100%2C39&amp;ssl=1 100w, https:\/\/i0.wp.com\/waxholmscamping.com\/wp-content\/uploads\/2021\/06\/cropped-Waxholm_symbol_final_green_Rityta-1.png?w=341&amp;ssl=1 341w\" sizes=\"(max-width: 150px) 100vw, 150px\" \/>\n<p>Vi har valt att leva, arbeta och bygga upp v\u00e5ra familjer i Vaxholm.<\/p> <p>Vaxholm \u00e4r en fantastisk plats. En stad mitt i naturen. En knutpunkt f\u00f6r Sk\u00e4rdg\u00e5rden. Ja du vet.\u00a0En plats som gjord f\u00f6r att skapa barndomsminnen. S\u00e5 fick vi m\u00f6jlighet att ta \u00f6ver Eriks\u00f6 Camping.\u00a0<\/p> <p>V\u00e5r ambition \u00e4r skapa en plats dit du vill komma \u00e5ret om.<br>Hos Waxholms Camping kommer du som du \u00e4r: p\u00e5 promenad fr\u00e5n andra sidan \u00f6n, med bil, cykel eller med b\u00e5t. Waxholms Camping sammanfattar v\u00e5r k\u00e4rlek till naturen, strandliv och Vaxholm \u2013 paketerat i en oas mitt i naturen.\u00a0<\/p> <p>Kom som du \u00e4r, l\u00e4mna oss lite lyckligare.\u00a0<\/p> <p>Waxholms Camping ligger p\u00e5 Vaxholms friluftsomr\u00e5de Eriks\u00f6, p\u00e5 Vax\u00f6n som \u00e4r Vaxholms huvud\u00f6.\u00a0Geografisk hittar du oss invid fj\u00e4rden med Bogesundslandet p\u00e5 ena sidan och Kull\u00f6n p\u00e5 den andra.\u00a0<\/p> <p>\u00a0<\/p>\n<p>Tidsm\u00e4ssigt n\u00e5gra f\u00e5 minuter fr\u00e5n Vaxholms stadsk\u00e4rna och 30 minuter fr\u00e5n Stockholm men sj\u00e4lsligt ljus\u00e5r fr\u00e5n stadens stress finns Eriks\u00f6 naturomr\u00e5de. Mitt i blandskogen som utg\u00f6rs av tall, gran ek, al, bok, lind och bj\u00f6rk och sl\u00e4nter t\u00e4ckta av bl\u00e5sippor och vitsippor \u00f6ppnar sig en vacker strand med en restaurang och sk\u00e4rg\u00e5rdsstugor. H\u00e4r blandas ljuden fr\u00e5n\u00a0 sj\u00f6f\u00e5glar, skogsf\u00e5glar, glass\u00e4tande barn och friluftsvandrare.<\/p> <p>Sandstranden inbjuder till h\u00e4rliga sommardagar med v\u00e5rt ny\u00f6ppnade fik och du har hela sommaren p\u00e5 dig att hitta din favoritglass.<\/p> <p>Runt \u00f6n finns ett motionssp\u00e5r f\u00f6r l\u00f6pning som p\u00e5 vintern blir till ett l\u00e4ngdsp\u00e5r.\u00a0L\u00e4ngs det upplysta sp\u00e5ret finns m\u00f6jlighet b\u00e5de att slinka in i utegymmet eller att avsluta med n\u00e5got uppfriskande i fiket. Du best\u00e4mmer sj\u00e4lv. Vi finns h\u00e4r f\u00f6r dig. Varmt v\u00e4lkommen.<\/p> <p><i>Meryem &amp; Johan samt Jonas &amp; Jessica med personal.\u00a0<\/i><\/p>\n<p>Familjef\u00f6retag<\/p>\n<h3>\"V\u00e5r ambition \u00e4r skapa en plats dit du vill komma \u00e5ret om.\"<\/h3>\n\n<p>Xxxxxxxxx<\/p> Xxx XXxx <p>This is my favourite coffee shop when I'm in Toronto. Freshly roasted coffee with their in-house made coconut or almond milk if you want. All the staff members are lovely, compassionate, and genuine. Their non-caffeinated specialities are great too!\u00a0<\/p> <figure> <img src=\"https:\/\/waxholmscamping.com\/wp-content\/uploads\/2023\/02\/joshua.jpg\" width=\"125\" height=\"125\" title=\"Om oss\" alt=\"Om oss\"> <\/figure> Joshua Bennet CEO Star Studio <p>This was the first coffee shop I visited in Manhattan and I had to keep going back. The staff are so welcoming and the quality is there. From the beverages, to the interior, and even the WiFi, it's a perfect little coffee shop. The coolest thing was the latte art that surprised me - it's not everyday you find a pirate in your cup of joe!<\/p> <figure> <img src=\"https:\/\/waxholmscamping.com\/wp-content\/uploads\/2023\/02\/micchele.jpg\" width=\"125\" height=\"125\" title=\"Om oss\" alt=\"Om oss\"> <\/figure> Michelle Lau CEO She Boutique","_links":{"self":[{"href":"https:\/\/waxholmscamping.com\/en\/wp-json\/wp\/v2\/pages\/419","targetHints":{"allow":["GET"]}}],"collection":[{"href":"https:\/\/waxholmscamping.com\/en\/wp-json\/wp\/v2\/pages"}],"about":[{"href":"https:\/\/waxholmscamping.com\/en\/wp-json\/wp\/v2\/types\/page"}],"author":[{"embeddable":true,"href":"https:\/\/waxholmscamping.com\/en\/wp-json\/wp\/v2\/users\/1"}],"replies":[{"embeddable":true,"href":"https:\/\/waxholmscamping.com\/en\/wp-json\/wp\/v2\/comments?post=419"}],"version-history":[{"count":21,"href":"https:\/\/waxholmscamping.com\/en\/wp-json\/wp\/v2\/pages\/419\/revisions"}],"predecessor-version":[{"id":702,"href":"https:\/\/waxholmscamping.com\/en\/wp-json\/wp\/v2\/pages\/419\/revisions\/702"}],"wp:attachment":[{"href":"https:\/\/waxholmscamping.com\/en\/wp-json\/wp\/v2\/media?parent=419"}],"curies":[{"name":"wp","href":"https:\/\/api.w.org\/{rel}","templated":true}]}}