{"id":399,"date":"2021-06-18T18:38:39","date_gmt":"2021-06-18T18:38:39","guid":{"rendered":"https:\/\/waxholmscamping.com\/?page_id=5"},"modified":"2021-06-18T18:38:39","modified_gmt":"2021-06-18T18:38:39","slug":"create-your-website-with-blocks","status":"publish","type":"page","link":"https:\/\/waxholmscamping.com\/en\/create-your-website-with-blocks\/","title":{"rendered":"Home page"},"content":{"rendered":"<p class=\"has-text-color has-large-font-size\" style=\"color:#516842\">Vi har \u00f6ppnat i ny regi i\u00e5r, v\u00e4lkommen till oss. Hos oss bor du \u00f6ver i camping och snart \u00e4ven i v\u00e5ra stugor.  <\/p>\n\n\n\n<p class=\"has-text-color has-large-font-size\" style=\"color:#516842\">Mitt i naturen, p\u00e5 Eriks\u00f6 vid Vaxholm hittar du oss &#8211; din naturoas i sk\u00e4rg\u00e5rden. <\/p>\n\n\n\n<p class=\"has-text-color has-large-font-size\" style=\"color:#516842\">You can reach us by foot, car, bicycle or boat. Come as you are, enjoy the archipelago nature. <\/p>\n\n\n\n<p class=\"has-text-color has-large-font-size\" style=\"color:#516842\">Det kan vara lite r\u00f6rigt p\u00e5 anl\u00e4ggningen just nu, urs\u00e4kta r\u00f6ran vi bygger om, det kommer att bli b\u00e4ttre; vi lovar.<\/p>\n\n\n\n<div style=\"height:116px\" aria-hidden=\"true\" class=\"wp-block-spacer\"><\/div>\n\n\n\n<div class=\"wp-block-cover alignfull is-light\" style=\"min-height:100vh;aspect-ratio:unset;\"><span aria-hidden=\"true\" class=\"wp-block-cover__background has-background-dim-20 has-background-dim\"><\/span><img loading=\"lazy\" decoding=\"async\" width=\"1165\" height=\"779\" class=\"wp-block-cover__image-background wp-image-131\" alt=\"\" src=\"https:\/\/i0.wp.com\/waxholmscamping.com\/wp-content\/uploads\/2021\/06\/547C73A7-1A34-468D-B61D-7D0E676E43E5-scaled-1.jpeg?resize=1165%2C779&#038;ssl=1\" data-object-fit=\"cover\" srcset=\"https:\/\/i0.wp.com\/waxholmscamping.com\/wp-content\/uploads\/2021\/06\/547C73A7-1A34-468D-B61D-7D0E676E43E5-scaled-1.jpeg?w=2560&amp;ssl=1 2560w, https:\/\/i0.wp.com\/waxholmscamping.com\/wp-content\/uploads\/2021\/06\/547C73A7-1A34-468D-B61D-7D0E676E43E5-scaled-1.jpeg?resize=300%2C201&amp;ssl=1 300w, https:\/\/i0.wp.com\/waxholmscamping.com\/wp-content\/uploads\/2021\/06\/547C73A7-1A34-468D-B61D-7D0E676E43E5-scaled-1.jpeg?resize=1024%2C684&amp;ssl=1 1024w, https:\/\/i0.wp.com\/waxholmscamping.com\/wp-content\/uploads\/2021\/06\/547C73A7-1A34-468D-B61D-7D0E676E43E5-scaled-1.jpeg?resize=768%2C513&amp;ssl=1 768w, https:\/\/i0.wp.com\/waxholmscamping.com\/wp-content\/uploads\/2021\/06\/547C73A7-1A34-468D-B61D-7D0E676E43E5-scaled-1.jpeg?resize=1536%2C1027&amp;ssl=1 1536w, https:\/\/i0.wp.com\/waxholmscamping.com\/wp-content\/uploads\/2021\/06\/547C73A7-1A34-468D-B61D-7D0E676E43E5-scaled-1.jpeg?resize=2048%2C1369&amp;ssl=1 2048w, https:\/\/i0.wp.com\/waxholmscamping.com\/wp-content\/uploads\/2021\/06\/547C73A7-1A34-468D-B61D-7D0E676E43E5-scaled-1.jpeg?w=2330&amp;ssl=1 2330w\" sizes=\"auto, (max-width: 1165px) 100vw, 1165px\" data-recalc-dims=\"1\" \/><div class=\"wp-block-cover__inner-container is-layout-flow wp-block-cover-is-layout-flow\">\n<p class=\"has-text-align-center has-white-color has-text-color has-extra-large-font-size\"><strong><a href=\"https:\/\/waxholmscamping.com\/en\/boka\/\">BOKA<\/a><\/strong><\/p>\n<\/div><\/div>\n\n\n\n<div class=\"wp-block-cover alignfull is-light\" style=\"min-height:100vh;aspect-ratio:unset;\"><span aria-hidden=\"true\" class=\"wp-block-cover__background has-background-dim-20 has-background-dim\"><\/span><img loading=\"lazy\" decoding=\"async\" width=\"1165\" height=\"774\" class=\"wp-block-cover__image-background wp-image-47\" alt=\"\" src=\"https:\/\/i0.wp.com\/waxholmscamping.com\/wp-content\/uploads\/2021\/06\/trees-1246045_1920.jpg?resize=1165%2C774&#038;ssl=1\" data-object-fit=\"cover\" srcset=\"https:\/\/i0.wp.com\/waxholmscamping.com\/wp-content\/uploads\/2021\/06\/trees-1246045_1920.jpg?w=1920&amp;ssl=1 1920w, https:\/\/i0.wp.com\/waxholmscamping.com\/wp-content\/uploads\/2021\/06\/trees-1246045_1920.jpg?resize=300%2C199&amp;ssl=1 300w, https:\/\/i0.wp.com\/waxholmscamping.com\/wp-content\/uploads\/2021\/06\/trees-1246045_1920.jpg?resize=1024%2C680&amp;ssl=1 1024w, https:\/\/i0.wp.com\/waxholmscamping.com\/wp-content\/uploads\/2021\/06\/trees-1246045_1920.jpg?resize=768%2C510&amp;ssl=1 768w, https:\/\/i0.wp.com\/waxholmscamping.com\/wp-content\/uploads\/2021\/06\/trees-1246045_1920.jpg?resize=1536%2C1020&amp;ssl=1 1536w\" sizes=\"auto, (max-width: 1165px) 100vw, 1165px\" data-recalc-dims=\"1\" \/><div class=\"wp-block-cover__inner-container is-layout-flow wp-block-cover-is-layout-flow\">\n<p class=\"has-text-align-center has-white-color has-text-color has-extra-large-font-size\"><strong><a href=\"https:\/\/waxholmscamping.com\/en\/camping\/\">CAMPING<\/a><\/strong><\/p>\n<\/div><\/div>\n\n\n\n<div class=\"wp-block-cover alignfull\" style=\"min-height:100vh;aspect-ratio:unset;\"><span aria-hidden=\"true\" class=\"wp-block-cover__background has-background-dim-20 has-background-dim\"><\/span><img loading=\"lazy\" decoding=\"async\" width=\"1165\" height=\"789\" class=\"wp-block-cover__image-background wp-image-180\" alt=\"\" src=\"https:\/\/i0.wp.com\/waxholmscamping.com\/wp-content\/uploads\/2021\/08\/org_f26c3ae04692d4d3_1628836042000.jpg?resize=1165%2C789&#038;ssl=1\" data-object-fit=\"cover\" srcset=\"https:\/\/i0.wp.com\/waxholmscamping.com\/wp-content\/uploads\/2021\/08\/org_f26c3ae04692d4d3_1628836042000.jpg?w=2309&amp;ssl=1 2309w, https:\/\/i0.wp.com\/waxholmscamping.com\/wp-content\/uploads\/2021\/08\/org_f26c3ae04692d4d3_1628836042000.jpg?resize=300%2C203&amp;ssl=1 300w, https:\/\/i0.wp.com\/waxholmscamping.com\/wp-content\/uploads\/2021\/08\/org_f26c3ae04692d4d3_1628836042000.jpg?resize=1024%2C694&amp;ssl=1 1024w, https:\/\/i0.wp.com\/waxholmscamping.com\/wp-content\/uploads\/2021\/08\/org_f26c3ae04692d4d3_1628836042000.jpg?resize=768%2C520&amp;ssl=1 768w, https:\/\/i0.wp.com\/waxholmscamping.com\/wp-content\/uploads\/2021\/08\/org_f26c3ae04692d4d3_1628836042000.jpg?resize=1536%2C1040&amp;ssl=1 1536w, https:\/\/i0.wp.com\/waxholmscamping.com\/wp-content\/uploads\/2021\/08\/org_f26c3ae04692d4d3_1628836042000.jpg?resize=2048%2C1387&amp;ssl=1 2048w\" sizes=\"auto, (max-width: 1165px) 100vw, 1165px\" data-recalc-dims=\"1\" \/><div class=\"wp-block-cover__inner-container is-layout-flow wp-block-cover-is-layout-flow\">\n<p class=\"has-text-align-center has-white-color has-text-color has-extra-large-font-size\"><strong><a href=\"https:\/\/waxholmscamping.com\/en\/om\/\">OM OSS<\/a><\/strong><\/p>\n<\/div><\/div>\n\n\n\n<div class=\"wp-block-cover alignfull is-light\" style=\"min-height:100vh;aspect-ratio:unset;\"><span aria-hidden=\"true\" class=\"wp-block-cover__background has-background-dim-20 has-background-dim\"><\/span><img loading=\"lazy\" decoding=\"async\" width=\"1165\" height=\"777\" class=\"wp-block-cover__image-background wp-image-128\" alt=\"\" src=\"https:\/\/i0.wp.com\/waxholmscamping.com\/wp-content\/uploads\/2021\/06\/C3EC0006-B540-4BB8-9782-071BBED958E9.jpeg?resize=1165%2C777&#038;ssl=1\" data-object-fit=\"cover\" srcset=\"https:\/\/i0.wp.com\/waxholmscamping.com\/wp-content\/uploads\/2021\/06\/C3EC0006-B540-4BB8-9782-071BBED958E9.jpeg?w=2112&amp;ssl=1 2112w, https:\/\/i0.wp.com\/waxholmscamping.com\/wp-content\/uploads\/2021\/06\/C3EC0006-B540-4BB8-9782-071BBED958E9.jpeg?resize=300%2C200&amp;ssl=1 300w, https:\/\/i0.wp.com\/waxholmscamping.com\/wp-content\/uploads\/2021\/06\/C3EC0006-B540-4BB8-9782-071BBED958E9.jpeg?resize=1024%2C683&amp;ssl=1 1024w, https:\/\/i0.wp.com\/waxholmscamping.com\/wp-content\/uploads\/2021\/06\/C3EC0006-B540-4BB8-9782-071BBED958E9.jpeg?resize=768%2C512&amp;ssl=1 768w, https:\/\/i0.wp.com\/waxholmscamping.com\/wp-content\/uploads\/2021\/06\/C3EC0006-B540-4BB8-9782-071BBED958E9.jpeg?resize=1536%2C1024&amp;ssl=1 1536w, https:\/\/i0.wp.com\/waxholmscamping.com\/wp-content\/uploads\/2021\/06\/C3EC0006-B540-4BB8-9782-071BBED958E9.jpeg?resize=2048%2C1365&amp;ssl=1 2048w\" sizes=\"auto, (max-width: 1165px) 100vw, 1165px\" data-recalc-dims=\"1\" \/><div class=\"wp-block-cover__inner-container is-layout-flow wp-block-cover-is-layout-flow\">\n<p class=\"has-text-align-center has-white-color has-text-color has-extra-large-font-size\"><strong><a href=\"https:\/\/waxholmscamping.com\/en\/stugor\/\">STUGOR<\/a><\/strong><\/p>\n<\/div><\/div>\n\n\n\n<p><\/p>\n<!--themify_builder_content-->\n<div id=\"themify_builder_content-399\" data-postid=\"399\" class=\"themify_builder_content themify_builder_content-399 themify_builder tf_clear\">\n    <\/div>\n<!--\/themify_builder_content-->","protected":false},"excerpt":{"rendered":"<p>Vi har \u00f6ppnat i ny regi i\u00e5r, v\u00e4lkommen till oss. Hos oss bor du \u00f6ver i camping och snart \u00e4ven i v\u00e5ra stugor. Mitt i naturen, p\u00e5 Eriks\u00f6 vid Vaxholm hittar du oss &#8211; din naturoas i sk\u00e4rg\u00e5rden. Till oss kommer du till fots, bil, cykel eller b\u00e5t. Kom som du \u00e4r, njut av sk\u00e4rg\u00e5rdsnaturen. [&hellip;]<\/p>","protected":false},"author":2,"featured_media":0,"parent":0,"menu_order":0,"comment_status":"closed","ping_status":"closed","template":"","meta":{"advanced_seo_description":"","jetpack_seo_html_title":"","jetpack_seo_noindex":false,"footnotes":""},"class_list":["post-399","page","type-page","status-publish","hentry","has-post-title","has-post-date","has-post-category","has-post-tag","has-post-comment","has-post-author",""],"jetpack_sharing_enabled":true,"builder_content":"","_links":{"self":[{"href":"https:\/\/waxholmscamping.com\/en\/wp-json\/wp\/v2\/pages\/399","targetHints":{"allow":["GET"]}}],"collection":[{"href":"https:\/\/waxholmscamping.com\/en\/wp-json\/wp\/v2\/pages"}],"about":[{"href":"https:\/\/waxholmscamping.com\/en\/wp-json\/wp\/v2\/types\/page"}],"author":[{"embeddable":true,"href":"https:\/\/waxholmscamping.com\/en\/wp-json\/wp\/v2\/users\/2"}],"replies":[{"embeddable":true,"href":"https:\/\/waxholmscamping.com\/en\/wp-json\/wp\/v2\/comments?post=399"}],"version-history":[{"count":0,"href":"https:\/\/waxholmscamping.com\/en\/wp-json\/wp\/v2\/pages\/399\/revisions"}],"wp:attachment":[{"href":"https:\/\/waxholmscamping.com\/en\/wp-json\/wp\/v2\/media?parent=399"}],"curies":[{"name":"wp","href":"https:\/\/api.w.org\/{rel}","templated":true}]}}