{"id":11,"date":"2021-06-18T18:38:39","date_gmt":"2021-06-18T18:38:39","guid":{"rendered":"https:\/\/waxholmscamping.com\/?page_id=11"},"modified":"2024-02-19T11:14:14","modified_gmt":"2024-02-19T10:14:14","slug":"stugor","status":"publish","type":"page","link":"https:\/\/waxholmscamping.com\/en\/stugor\/","title":{"rendered":"Cabins"},"content":{"rendered":"<div class=\"wp-block-group\"><div class=\"wp-block-group__inner-container is-layout-flow wp-block-group-is-layout-flow\">\n<div class=\"wp-block-group\"><div class=\"wp-block-group__inner-container is-layout-flow wp-block-group-is-layout-flow\">\n<figure class=\"wp-block-gallery has-nested-images columns-default is-cropped wp-block-gallery-1 is-layout-flex wp-block-gallery-is-layout-flex\"><\/figure>\n<\/div><\/div>\n<\/div><\/div>\n\n\n\n<figure class=\"wp-block-gallery has-nested-images columns-default is-cropped wp-block-gallery-2 is-layout-flex wp-block-gallery-is-layout-flex\"><\/figure>\n\n<!--themify_builder_content-->\n<div id=\"themify_builder_content-11\" data-postid=\"11\" class=\"themify_builder_content themify_builder_content-11 themify_builder tf_clear\">\n    \t\t\t<!-- module_row -->\n\t<div  data-lazy=\"1\" class=\"module_row themify_builder_row tb_nst2561 tb_first tf_w tf_clearfix\">\n\t    \t\t\t<div class=\"row_inner col_align_top tb_col_count_1 tf_box tf_rel\">\n\t\t            <div  data-lazy=\"1\" class=\"module_column tb-column col-full tb_3kin561 first\">\n                                                        <div class=\"tb-column-inner tf_box tf_w\">\n                        <!-- module fancy heading -->\n<div  class=\"module module-fancy-heading tb_docw561  tb_hide_divider\" data-lazy=\"1\">\n        <h1 class=\"fancy-heading tf_textc\">\n    <span class=\"main-head tf_block\">\n\t\t\t\t\tStugorna\t\t    <\/span>\n\n\t\n    <span class=\"sub-head tf_block tf_rel\">\n\t\t\t\t\t\t\t    <\/span>\n    <\/h1>\n<\/div>\n<!-- \/module fancy heading -->\n<!-- module image -->\n<div  class=\"module module-image tb_33f4561   image-center tf_mw\" data-lazy=\"1\">\n        <div class=\"image-wrap tf_rel tf_mw\">\n\t\t    <img loading=\"lazy\" decoding=\"async\" src=\"https:\/\/i0.wp.com\/waxholmscamping.com\/wp-content\/uploads\/2021\/06\/cropped-Waxholm_symbol_final_green_Rityta-1.png?resize=150%2C58&#038;ssl=1\" width=\"150\" height=\"58\" class=\"wp-post-image wp-image-98\" title=\"cropped-Waxholm_symbol_final_green_Drawing-1.png\" alt=\"cropped-Waxholm_symbol_final_green_Rityta-1.png\" srcset=\"https:\/\/i0.wp.com\/waxholmscamping.com\/wp-content\/uploads\/2021\/06\/cropped-Waxholm_symbol_final_green_Rityta-1.png?resize=150%2C58&amp;ssl=1 150w, https:\/\/i0.wp.com\/waxholmscamping.com\/wp-content\/uploads\/2021\/06\/cropped-Waxholm_symbol_final_green_Rityta-1.png?resize=300%2C118&amp;ssl=1 300w, https:\/\/i0.wp.com\/waxholmscamping.com\/wp-content\/uploads\/2021\/06\/cropped-Waxholm_symbol_final_green_Rityta-1.png?resize=100%2C39&amp;ssl=1 100w, https:\/\/i0.wp.com\/waxholmscamping.com\/wp-content\/uploads\/2021\/06\/cropped-Waxholm_symbol_final_green_Rityta-1.png?w=341&amp;ssl=1 341w\" sizes=\"auto, (max-width: 150px) 100vw, 150px\" data-recalc-dims=\"1\" \/>\t\n\t\t<\/div>\n\t<!-- \/image-wrap -->\n    \n    \t<\/div>\n<!-- \/module image -->                    <\/div>\n                            <\/div>\n            \t    <\/div>\n\t    <!-- \/row_inner -->\n\t<\/div>\n\t<!-- \/module_row -->\n\t\t\t\t<!-- module_row -->\n\t<div  data-lazy=\"1\" class=\"module_row themify_builder_row tb_cgcd562 tf_w tf_clearfix\">\n\t    \t\t\t<div class=\"row_inner col_align_top tb_col_count_1 tf_box tf_rel\">\n\t\t            <div  data-lazy=\"1\" class=\"module_column tb-column col-full tb_30jk562 first\">\n                                                        <div class=\"tb-column-inner tf_box tf_w\">\n                        \t<div  data-lazy=\"1\" class=\"module_subrow themify_builder_sub_row tb_1jow562 tf_w tf_clearfix\">\n\t    \t\t\t<div class=\"subrow_inner col_align_top tb_col_count_1 tf_box tf_w\">\n\t\t            <div  data-lazy=\"1\" class=\"module_column sub_column col-full tb_d0w0562 first\">\n                                                        <div class=\"tb-column-inner tf_box tf_w\">\n                        <!-- module text -->\n<div  class=\"module module-text tb_3d3s562  repeat\" data-lazy=\"1\">\n        <div  class=\"tb_text_wrap\">\n    <h3><!-- wp:paragraph {\"style\":{\"color\":{\"text\":\"#516842\"}}} --><\/h3>\n<p class=\"has-text-color\"><strong>Sk\u00e4rg\u00e5rdsstugorna <\/strong>finns till ert f\u00f6rfogande om dem \u00f6nskas bokas. Nu vid l\u00e5gs\u00e4song kan ni ringa in er f\u00f6rfr\u00e5gan till Johan p\u00e5 0707-105360 eller Jonas 0768-515700.<\/p>\n<h3><!-- \/wp:paragraph --> <!-- wp:paragraph {\"style\":{\"color\":{\"text\":\"#516842\"}}} --><\/h3>\n<p class=\"has-text-color\">Dem \u00e4r varsamt placerade och har utsikt \u00f6ver havet mellan tallarna fr\u00e5n den lilla terrassen. Det finns tv\u00e5 typer av stugor, dem enklaste \u00e4r fyrab\u00e4ddsstugor inredda med v\u00e5ningss\u00e4ngar. Superior-stugorna, \u00e4r inredda med egen toalett, dusch och pentry dem tar upp till sex personer och \u00e4r anpassade f\u00f6r familjer eller v\u00e4nnerna. Alla stugor \u00e4r av olika karakt\u00e4r och \u00e4r unikt placerade p\u00e5 terr\u00e4ngen intill vattnet p\u00e5 Eriks\u00f6.<\/p>\n<h3><!-- \/wp:paragraph --> <!-- wp:paragraph {\"style\":{\"color\":{\"text\":\"#516842\"}}} --><\/h3>\n<p class=\"has-text-color\">Pricing and availability can be found by clicking on the BOOK button to proceed with your booking.<\/p>\n<h3><!-- \/wp:paragraph --> <!-- wp:paragraph {\"style\":{\"color\":{\"text\":\"#516842\"}}} --><\/h3>\n<p class=\"has-text-color\">V\u00e4lkomna<\/p>\n<h3><!-- \/wp:paragraph --><\/h3>    <\/div>\n<\/div>\n<!-- \/module text --><!-- module buttons -->\n<div  class=\"module module-buttons tb_rxk8280 buttons-horizontal solid\" data-lazy=\"1\">\n    \t<div class=\"module-buttons-item tf_inline_b\">\n\t\t\t\t\t\t\t<a href=\"https:\/\/waxholmscamping.com\/en\/boka-2\/\" class=\"ui builder_button tb_default_color\" >\n\t\t\t\t\t\t\t\t\t\t\t<span class=\"tf_inline_b tf_vmiddle\">BOKA<\/span>\n\t\t\t\t\t\t\t\t\t\t\t<\/a>\n\t\t\t    \t<\/div>\n    <\/div>\n<!-- \/module buttons -->\n                    <\/div>\n                            <\/div>\n            \t    <\/div>\n\t<\/div><!-- \/themify_builder_sub_row -->\n\t\t<div  data-lazy=\"1\" class=\"module_subrow themify_builder_sub_row tb_ukas562 tf_w tf_clearfix\">\n\t    \t\t\t<div class=\"subrow_inner col_align_top tb_col_count_1 tf_box tf_w\">\n\t\t            <div  data-lazy=\"1\" class=\"module_column sub_column col-full tb_ah01562 first\">\n                                                        <div class=\"tb-column-inner tf_box tf_w\">\n                        <div  class=\"module themify_builder_slider_wrap tf_clearfix module-slider tb_7f79562  slider-default\" data-lazy=\"1\">\n        <div class=\"themify_builder_slider tf_carousel tf_swiper-container tf_rel tf_overflow\" data-lazy=\"1\"\t\tdata-tbreakpoints=\"1280\"\n\t\tdata-mbreakpoints=\"680\"\n\t\tdata-visible=\"1\"\n\t\tdata-tab-visible=\"1\"\n\t\tdata-mob-visible=\"1\"\n\t\tdata-scroll=\"1\"\n\t\t\t\t\t\tdata-speed=\"1\"\n\t\tdata-wrapvar=\"1\"\n\t\tdata-slider_nav=\"1\"\n\t\tdata-pager=\"1\"\n\t\tdata-effect=\"scroll\" \n\t\tdata-height=\"variable\"\n\t\tdata-horizontal=\"0\"\n\t\tdata-css_url=\"https:\/\/waxholmscamping.com\/wp-content\/themes\/themify-ultra\/themify\/themify-builder\/css\/modules\/sliders\/carousel.css,https:\/\/waxholmscamping.com\/wp-content\/themes\/themify-ultra\/themify\/themify-builder\/css\/modules\/sliders\/slider.css\"\n\t\t\t>\n\t\t<div class=\"tf_swiper-wrapper tf_lazy tf_rel tf_w tf_h tf_textc\">\n\t    <!-- \/themify_builder_slider -->\n\t    <\/div>\n    <\/div>\n<\/div>\n<!-- module gallery -->\n<div  class=\"module gallery module-gallery tb_0jcb562 layout-grid\" data-lazy=\"1\">\n    <div class=\"module-gallery-grid gallery-columns-3 tf_clear\">\n\t\t\t<dl class=\"gallery-item\">\n\t\t\t<dt class=\"gallery-icon\">\n\t\t\t<a data-title=\"\" title=\"\" href=\"https:\/\/i0.wp.com\/waxholmscamping.com\/wp-content\/uploads\/2023\/03\/stuga11.jpg?fit=2133%2C1333&#038;ssl=1\" data-rel=\"tb_0jcb562\" class=\"themify_lightbox\"><img loading=\"lazy\" decoding=\"async\" src=\"https:\/\/i0.wp.com\/waxholmscamping.com\/wp-content\/uploads\/2023\/03\/stuga11-1024x640.jpg?resize=300%2C200&#038;ssl=1\" width=\"300\" height=\"200\" class=\"wp-post-image wp-image-645\" title=\"cottage11\" alt=\"stuga11\" srcset=\"https:\/\/i0.wp.com\/waxholmscamping.com\/wp-content\/uploads\/2023\/03\/stuga11.jpg?resize=300%2C200&amp;ssl=1 300w, https:\/\/i0.wp.com\/waxholmscamping.com\/wp-content\/uploads\/2023\/03\/stuga11.jpg?zoom=2&amp;resize=300%2C200&amp;ssl=1 600w, https:\/\/i0.wp.com\/waxholmscamping.com\/wp-content\/uploads\/2023\/03\/stuga11.jpg?zoom=3&amp;resize=300%2C200&amp;ssl=1 900w\" sizes=\"auto, (max-width: 300px) 100vw, 300px\" data-recalc-dims=\"1\" \/><\/a>\t\t\t<\/dt>\n\t\t\t<dd>\n\t\t\t\t\t\t\t\t\t\t\t<\/dd>\n\t\t<\/dl>\n\t\t\t<dl class=\"gallery-item\">\n\t\t\t<dt class=\"gallery-icon\">\n\t\t\t<a data-title=\"\" title=\"\" href=\"https:\/\/i0.wp.com\/waxholmscamping.com\/wp-content\/uploads\/2023\/03\/stuga12.jpg?fit=2133%2C1333&#038;ssl=1\" data-rel=\"tb_0jcb562\" class=\"themify_lightbox\"><img loading=\"lazy\" decoding=\"async\" src=\"https:\/\/i0.wp.com\/waxholmscamping.com\/wp-content\/uploads\/2023\/03\/stuga12-1024x640.jpg?resize=300%2C200&#038;ssl=1\" width=\"300\" height=\"200\" class=\"wp-post-image wp-image-646\" title=\"cottage12\" alt=\"stuga12\" srcset=\"https:\/\/i0.wp.com\/waxholmscamping.com\/wp-content\/uploads\/2023\/03\/stuga12.jpg?resize=300%2C200&amp;ssl=1 300w, https:\/\/i0.wp.com\/waxholmscamping.com\/wp-content\/uploads\/2023\/03\/stuga12.jpg?zoom=2&amp;resize=300%2C200&amp;ssl=1 600w, https:\/\/i0.wp.com\/waxholmscamping.com\/wp-content\/uploads\/2023\/03\/stuga12.jpg?zoom=3&amp;resize=300%2C200&amp;ssl=1 900w\" sizes=\"auto, (max-width: 300px) 100vw, 300px\" data-recalc-dims=\"1\" \/><\/a>\t\t\t<\/dt>\n\t\t\t<dd>\n\t\t\t\t\t\t\t\t\t\t\t<\/dd>\n\t\t<\/dl>\n\t\t\t<dl class=\"gallery-item\">\n\t\t\t<dt class=\"gallery-icon\">\n\t\t\t<a data-title=\"\" title=\"\" href=\"https:\/\/i0.wp.com\/waxholmscamping.com\/wp-content\/uploads\/2023\/02\/Stugor8.jpg?fit=1800%2C2400&#038;ssl=1\" data-rel=\"tb_0jcb562\" class=\"themify_lightbox\"><img loading=\"lazy\" decoding=\"async\" src=\"https:\/\/i0.wp.com\/waxholmscamping.com\/wp-content\/uploads\/2023\/02\/Stugor8-768x1024.jpg?resize=300%2C200&#038;ssl=1\" width=\"300\" height=\"200\" class=\"wp-post-image wp-image-520\" title=\"Cottages8\" alt=\"Stugor8\" srcset=\"https:\/\/i0.wp.com\/waxholmscamping.com\/wp-content\/uploads\/2023\/02\/Stugor8.jpg?resize=300%2C200&amp;ssl=1 300w, https:\/\/i0.wp.com\/waxholmscamping.com\/wp-content\/uploads\/2023\/02\/Stugor8.jpg?zoom=2&amp;resize=300%2C200&amp;ssl=1 600w, https:\/\/i0.wp.com\/waxholmscamping.com\/wp-content\/uploads\/2023\/02\/Stugor8.jpg?zoom=3&amp;resize=300%2C200&amp;ssl=1 900w\" sizes=\"auto, (max-width: 300px) 100vw, 300px\" data-recalc-dims=\"1\" \/><\/a>\t\t\t<\/dt>\n\t\t\t<dd>\n\t\t\t\t\t\t\t\t\t\t\t<\/dd>\n\t\t<\/dl>\n\t\t\t<dl class=\"gallery-item\">\n\t\t\t<dt class=\"gallery-icon\">\n\t\t\t<a data-title=\"\" title=\"\" href=\"https:\/\/i0.wp.com\/waxholmscamping.com\/wp-content\/uploads\/2023\/02\/Stugor9.jpg?fit=1800%2C2400&#038;ssl=1\" data-rel=\"tb_0jcb562\" class=\"themify_lightbox\"><img loading=\"lazy\" decoding=\"async\" src=\"https:\/\/i0.wp.com\/waxholmscamping.com\/wp-content\/uploads\/2023\/02\/Stugor9-768x1024.jpg?resize=300%2C200&#038;ssl=1\" width=\"300\" height=\"200\" class=\"wp-post-image wp-image-522\" title=\"Cottages9\" alt=\"Stugor9\" srcset=\"https:\/\/i0.wp.com\/waxholmscamping.com\/wp-content\/uploads\/2023\/02\/Stugor9.jpg?resize=300%2C200&amp;ssl=1 300w, https:\/\/i0.wp.com\/waxholmscamping.com\/wp-content\/uploads\/2023\/02\/Stugor9.jpg?zoom=2&amp;resize=300%2C200&amp;ssl=1 600w, https:\/\/i0.wp.com\/waxholmscamping.com\/wp-content\/uploads\/2023\/02\/Stugor9.jpg?zoom=3&amp;resize=300%2C200&amp;ssl=1 900w\" sizes=\"auto, (max-width: 300px) 100vw, 300px\" data-recalc-dims=\"1\" \/><\/a>\t\t\t<\/dt>\n\t\t\t<dd>\n\t\t\t\t\t\t\t\t\t\t\t<\/dd>\n\t\t<\/dl>\n\t\t\t<dl class=\"gallery-item\">\n\t\t\t<dt class=\"gallery-icon\">\n\t\t\t<a data-title=\"\" title=\"\" href=\"https:\/\/i0.wp.com\/waxholmscamping.com\/wp-content\/uploads\/2023\/03\/Stuga10.jpg?fit=2133%2C1333&#038;ssl=1\" data-rel=\"tb_0jcb562\" class=\"themify_lightbox\"><img loading=\"lazy\" decoding=\"async\" src=\"https:\/\/i0.wp.com\/waxholmscamping.com\/wp-content\/uploads\/2023\/03\/Stuga10-1024x640.jpg?resize=300%2C200&#038;ssl=1\" width=\"300\" height=\"200\" class=\"wp-post-image wp-image-644\" title=\"Cabin 10\" alt=\"Stuga10\" srcset=\"https:\/\/i0.wp.com\/waxholmscamping.com\/wp-content\/uploads\/2023\/03\/Stuga10.jpg?resize=300%2C200&amp;ssl=1 300w, https:\/\/i0.wp.com\/waxholmscamping.com\/wp-content\/uploads\/2023\/03\/Stuga10.jpg?zoom=2&amp;resize=300%2C200&amp;ssl=1 600w, https:\/\/i0.wp.com\/waxholmscamping.com\/wp-content\/uploads\/2023\/03\/Stuga10.jpg?zoom=3&amp;resize=300%2C200&amp;ssl=1 900w\" sizes=\"auto, (max-width: 300px) 100vw, 300px\" data-recalc-dims=\"1\" \/><\/a>\t\t\t<\/dt>\n\t\t\t<dd>\n\t\t\t\t\t\t\t\t\t\t\t<\/dd>\n\t\t<\/dl>\n\t\t\t<dl class=\"gallery-item\">\n\t\t\t<dt class=\"gallery-icon\">\n\t\t\t<a data-title=\"\" title=\"\" href=\"https:\/\/i0.wp.com\/waxholmscamping.com\/wp-content\/uploads\/2023\/02\/Stugor2.jpg?fit=1800%2C2400&#038;ssl=1\" data-rel=\"tb_0jcb562\" class=\"themify_lightbox\"><img loading=\"lazy\" decoding=\"async\" src=\"https:\/\/i0.wp.com\/waxholmscamping.com\/wp-content\/uploads\/2023\/02\/Stugor2-768x1024.jpg?resize=300%2C200&#038;ssl=1\" width=\"300\" height=\"200\" class=\"wp-post-image wp-image-514\" title=\"Cottages2\" alt=\"Stugor2\" srcset=\"https:\/\/i0.wp.com\/waxholmscamping.com\/wp-content\/uploads\/2023\/02\/Stugor2.jpg?resize=300%2C200&amp;ssl=1 300w, https:\/\/i0.wp.com\/waxholmscamping.com\/wp-content\/uploads\/2023\/02\/Stugor2.jpg?zoom=2&amp;resize=300%2C200&amp;ssl=1 600w, https:\/\/i0.wp.com\/waxholmscamping.com\/wp-content\/uploads\/2023\/02\/Stugor2.jpg?zoom=3&amp;resize=300%2C200&amp;ssl=1 900w\" sizes=\"auto, (max-width: 300px) 100vw, 300px\" data-recalc-dims=\"1\" \/><\/a>\t\t\t<\/dt>\n\t\t\t<dd>\n\t\t\t\t\t\t\t\t\t\t\t<\/dd>\n\t\t<\/dl>\n\t\t\t<dl class=\"gallery-item\">\n\t\t\t<dt class=\"gallery-icon\">\n\t\t\t<a data-title=\"\" title=\"\" href=\"https:\/\/i0.wp.com\/waxholmscamping.com\/wp-content\/uploads\/2022\/05\/Foto-2022-05-17-16-13-30-1-1-scaled-1.jpg?fit=1920%2C2560&#038;ssl=1\" data-rel=\"tb_0jcb562\" class=\"themify_lightbox\"><img loading=\"lazy\" decoding=\"async\" src=\"https:\/\/i0.wp.com\/waxholmscamping.com\/wp-content\/uploads\/2022\/05\/Foto-2022-05-17-16-13-30-1-1-scaled-1-768x1024.jpg?resize=300%2C200&#038;ssl=1\" width=\"300\" height=\"200\" class=\"wp-post-image wp-image-331\" title=\"Photo 2022-05-17 16 13 30 (1)\" alt=\"Foto 2022-05-17 16 13 30 (1)\" srcset=\"https:\/\/i0.wp.com\/waxholmscamping.com\/wp-content\/uploads\/2022\/05\/Foto-2022-05-17-16-13-30-1-1-scaled-1.jpg?resize=300%2C200&amp;ssl=1 300w, https:\/\/i0.wp.com\/waxholmscamping.com\/wp-content\/uploads\/2022\/05\/Foto-2022-05-17-16-13-30-1-1-scaled-1.jpg?zoom=2&amp;resize=300%2C200&amp;ssl=1 600w, https:\/\/i0.wp.com\/waxholmscamping.com\/wp-content\/uploads\/2022\/05\/Foto-2022-05-17-16-13-30-1-1-scaled-1.jpg?zoom=3&amp;resize=300%2C200&amp;ssl=1 900w\" sizes=\"auto, (max-width: 300px) 100vw, 300px\" data-recalc-dims=\"1\" \/><\/a>\t\t\t<\/dt>\n\t\t\t<dd>\n\t\t\t\t\t\t\t\t\t\t\t<\/dd>\n\t\t<\/dl>\n\t\t\t<dl class=\"gallery-item\">\n\t\t\t<dt class=\"gallery-icon\">\n\t\t\t<a data-title=\"\" title=\"\" href=\"https:\/\/i0.wp.com\/waxholmscamping.com\/wp-content\/uploads\/2022\/05\/hx6L6CcE-scaled-1.jpeg?fit=1920%2C2560&#038;ssl=1\" data-rel=\"tb_0jcb562\" class=\"themify_lightbox\"><img loading=\"lazy\" decoding=\"async\" src=\"https:\/\/i0.wp.com\/waxholmscamping.com\/wp-content\/uploads\/2022\/05\/hx6L6CcE-scaled-1-768x1024.jpeg?resize=300%2C200&#038;ssl=1\" width=\"300\" height=\"200\" class=\"wp-post-image wp-image-317\" title=\"hx6L6CcE\" alt=\"hx6L6CcE\" srcset=\"https:\/\/i0.wp.com\/waxholmscamping.com\/wp-content\/uploads\/2022\/05\/hx6L6CcE-scaled-1.jpeg?resize=300%2C200&amp;ssl=1 300w, https:\/\/i0.wp.com\/waxholmscamping.com\/wp-content\/uploads\/2022\/05\/hx6L6CcE-scaled-1.jpeg?zoom=2&amp;resize=300%2C200&amp;ssl=1 600w, https:\/\/i0.wp.com\/waxholmscamping.com\/wp-content\/uploads\/2022\/05\/hx6L6CcE-scaled-1.jpeg?zoom=3&amp;resize=300%2C200&amp;ssl=1 900w\" sizes=\"auto, (max-width: 300px) 100vw, 300px\" data-recalc-dims=\"1\" \/><\/a>\t\t\t<\/dt>\n\t\t\t<dd>\n\t\t\t\t\t\t\t\t\t\t\t<\/dd>\n\t\t<\/dl>\n\t\t\t<dl class=\"gallery-item\">\n\t\t\t<dt class=\"gallery-icon\">\n\t\t\t<a data-title=\"\" title=\"\" href=\"https:\/\/i0.wp.com\/waxholmscamping.com\/wp-content\/uploads\/2022\/10\/Foto-2022-07-24-16-34-50-1-scaled-1.jpg?fit=1920%2C2560&#038;ssl=1\" data-rel=\"tb_0jcb562\" class=\"themify_lightbox\"><img loading=\"lazy\" decoding=\"async\" src=\"https:\/\/i0.wp.com\/waxholmscamping.com\/wp-content\/uploads\/2022\/10\/Foto-2022-07-24-16-34-50-1-scaled-1-768x1024.jpg?resize=300%2C200&#038;ssl=1\" width=\"300\" height=\"200\" class=\"wp-post-image wp-image-397\" title=\"Photo-2022-07-24-16-34-50-1\" alt=\"Foto-2022-07-24-16-34-50-1\" srcset=\"https:\/\/i0.wp.com\/waxholmscamping.com\/wp-content\/uploads\/2022\/10\/Foto-2022-07-24-16-34-50-1-scaled-1.jpg?resize=300%2C200&amp;ssl=1 300w, https:\/\/i0.wp.com\/waxholmscamping.com\/wp-content\/uploads\/2022\/10\/Foto-2022-07-24-16-34-50-1-scaled-1.jpg?zoom=2&amp;resize=300%2C200&amp;ssl=1 600w, https:\/\/i0.wp.com\/waxholmscamping.com\/wp-content\/uploads\/2022\/10\/Foto-2022-07-24-16-34-50-1-scaled-1.jpg?zoom=3&amp;resize=300%2C200&amp;ssl=1 900w\" sizes=\"auto, (max-width: 300px) 100vw, 300px\" data-recalc-dims=\"1\" \/><\/a>\t\t\t<\/dt>\n\t\t\t<dd>\n\t\t\t\t\t\t\t\t\t\t\t<\/dd>\n\t\t<\/dl>\n\t\t\t<dl class=\"gallery-item\">\n\t\t\t<dt class=\"gallery-icon\">\n\t\t\t<a data-title=\"\" title=\"\" href=\"https:\/\/i0.wp.com\/waxholmscamping.com\/wp-content\/uploads\/2023\/02\/Stugor4.jpg?fit=1800%2C2400&#038;ssl=1\" data-rel=\"tb_0jcb562\" class=\"themify_lightbox\"><img loading=\"lazy\" decoding=\"async\" src=\"https:\/\/i0.wp.com\/waxholmscamping.com\/wp-content\/uploads\/2023\/02\/Stugor4-768x1024.jpg?resize=300%2C200&#038;ssl=1\" width=\"300\" height=\"200\" class=\"wp-post-image wp-image-516\" title=\"Stugor4\" alt=\"Stugor4\" srcset=\"https:\/\/i0.wp.com\/waxholmscamping.com\/wp-content\/uploads\/2023\/02\/Stugor4.jpg?resize=300%2C200&amp;ssl=1 300w, https:\/\/i0.wp.com\/waxholmscamping.com\/wp-content\/uploads\/2023\/02\/Stugor4.jpg?zoom=2&amp;resize=300%2C200&amp;ssl=1 600w, https:\/\/i0.wp.com\/waxholmscamping.com\/wp-content\/uploads\/2023\/02\/Stugor4.jpg?zoom=3&amp;resize=300%2C200&amp;ssl=1 900w\" sizes=\"auto, (max-width: 300px) 100vw, 300px\" data-recalc-dims=\"1\" \/><\/a>\t\t\t<\/dt>\n\t\t\t<dd>\n\t\t\t\t\t\t\t\t\t\t\t<\/dd>\n\t\t<\/dl>\n\t\t\t<dl class=\"gallery-item\">\n\t\t\t<dt class=\"gallery-icon\">\n\t\t\t<a data-title=\"\" title=\"\" href=\"https:\/\/i0.wp.com\/waxholmscamping.com\/wp-content\/uploads\/2023\/02\/Stugor3.jpg?fit=1800%2C2400&#038;ssl=1\" data-rel=\"tb_0jcb562\" class=\"themify_lightbox\"><img loading=\"lazy\" decoding=\"async\" src=\"https:\/\/i0.wp.com\/waxholmscamping.com\/wp-content\/uploads\/2023\/02\/Stugor3-768x1024.jpg?resize=300%2C200&#038;ssl=1\" width=\"300\" height=\"200\" class=\"wp-post-image wp-image-515\" title=\"Stugor3\" alt=\"Stugor3\" srcset=\"https:\/\/i0.wp.com\/waxholmscamping.com\/wp-content\/uploads\/2023\/02\/Stugor3.jpg?resize=300%2C200&amp;ssl=1 300w, https:\/\/i0.wp.com\/waxholmscamping.com\/wp-content\/uploads\/2023\/02\/Stugor3.jpg?zoom=2&amp;resize=300%2C200&amp;ssl=1 600w, https:\/\/i0.wp.com\/waxholmscamping.com\/wp-content\/uploads\/2023\/02\/Stugor3.jpg?zoom=3&amp;resize=300%2C200&amp;ssl=1 900w\" sizes=\"auto, (max-width: 300px) 100vw, 300px\" data-recalc-dims=\"1\" \/><\/a>\t\t\t<\/dt>\n\t\t\t<dd>\n\t\t\t\t\t\t\t\t\t\t\t<\/dd>\n\t\t<\/dl>\n\t<\/div>\n<\/div>\n<!-- \/module gallery -->                    <\/div>\n                            <\/div>\n            \t    <\/div>\n\t<\/div><!-- \/themify_builder_sub_row -->\n\t                    <\/div>\n                            <\/div>\n            \t    <\/div>\n\t    <!-- \/row_inner -->\n\t<\/div>\n\t<!-- \/module_row -->\n\t<\/div>\n<!--\/themify_builder_content-->","protected":false},"excerpt":{"rendered":"<p>Stugorna Sk\u00e4rg\u00e5rdsstugorna finns till ert f\u00f6rfogande om dem \u00f6nskas bokas. Nu vid l\u00e5gs\u00e4song kan ni ringa in er f\u00f6rfr\u00e5gan till Johan p\u00e5 0707-105360 eller Jonas 0768-515700. Dem \u00e4r varsamt placerade och har utsikt \u00f6ver havet mellan tallarna fr\u00e5n den lilla terrassen. Det finns tv\u00e5 typer av stugor, dem enklaste \u00e4r fyrab\u00e4ddsstugor inredda med v\u00e5ningss\u00e4ngar. Superior-stugorna, [&hellip;]<\/p>","protected":false},"author":2,"featured_media":0,"parent":0,"menu_order":0,"comment_status":"closed","ping_status":"closed","template":"","meta":{"advanced_seo_description":"","jetpack_seo_html_title":"","jetpack_seo_noindex":false,"footnotes":""},"class_list":["post-11","page","type-page","status-publish","hentry","has-post-title","has-post-date","has-post-category","has-post-tag","has-post-comment","has-post-author",""],"jetpack_sharing_enabled":true,"builder_content":"<h1>Stugorna<br\/><\/h1>\n<img src=\"https:\/\/waxholmscamping.com\/wp-content\/uploads\/2021\/06\/cropped-Waxholm_symbol_final_green_Rityta-1-150x58.png\" width=\"150\" height=\"58\" title=\"cropped-Waxholm_symbol_final_green_Rityta-1.png\" alt=\"cropped-Waxholm_symbol_final_green_Rityta-1.png\" srcset=\"https:\/\/i0.wp.com\/waxholmscamping.com\/wp-content\/uploads\/2021\/06\/cropped-Waxholm_symbol_final_green_Rityta-1.png?resize=150%2C58&amp;ssl=1 150w, https:\/\/i0.wp.com\/waxholmscamping.com\/wp-content\/uploads\/2021\/06\/cropped-Waxholm_symbol_final_green_Rityta-1.png?resize=300%2C118&amp;ssl=1 300w, https:\/\/i0.wp.com\/waxholmscamping.com\/wp-content\/uploads\/2021\/06\/cropped-Waxholm_symbol_final_green_Rityta-1.png?resize=100%2C39&amp;ssl=1 100w, https:\/\/i0.wp.com\/waxholmscamping.com\/wp-content\/uploads\/2021\/06\/cropped-Waxholm_symbol_final_green_Rityta-1.png?w=341&amp;ssl=1 341w\" sizes=\"(max-width: 150px) 100vw, 150px\" \/>\n<h3><\/h3> <p><strong>Sk\u00e4rg\u00e5rdsstugorna <\/strong>finns till ert f\u00f6rfogande om dem \u00f6nskas bokas. Nu vid l\u00e5gs\u00e4song kan ni ringa in er f\u00f6rfr\u00e5gan till Johan p\u00e5 0707-105360 eller Jonas 0768-515700.<\/p> <h3> <\/h3> <p>Dem \u00e4r varsamt placerade och har utsikt \u00f6ver havet mellan tallarna fr\u00e5n den lilla terrassen. Det finns tv\u00e5 typer av stugor, dem enklaste \u00e4r fyrab\u00e4ddsstugor inredda med v\u00e5ningss\u00e4ngar. Superior-stugorna, \u00e4r inredda med egen toalett, dusch och pentry dem tar upp till sex personer och \u00e4r anpassade f\u00f6r familjer eller v\u00e4nnerna. Alla stugor \u00e4r av olika karakt\u00e4r och \u00e4r unikt placerade p\u00e5 terr\u00e4ngen intill vattnet p\u00e5 Eriks\u00f6.<\/p> <h3> <\/h3> <p>Prisklasser och tillg\u00e4nglighet finns i bokningen klicka p\u00e5 knappen BOKA f\u00f6r att komma vidare och boka er vistelse hos oss.<\/p> <h3> <\/h3> <p>V\u00e4lkomna<\/p> <h3><\/h3>\n<a href=\"https:\/\/waxholmscamping.com\/boka-2\/\" > BOKA <\/a>\n\n[gallery ids=\"645,646,520,522,644,514,331,317,397,516,515\"]","_links":{"self":[{"href":"https:\/\/waxholmscamping.com\/en\/wp-json\/wp\/v2\/pages\/11","targetHints":{"allow":["GET"]}}],"collection":[{"href":"https:\/\/waxholmscamping.com\/en\/wp-json\/wp\/v2\/pages"}],"about":[{"href":"https:\/\/waxholmscamping.com\/en\/wp-json\/wp\/v2\/types\/page"}],"author":[{"embeddable":true,"href":"https:\/\/waxholmscamping.com\/en\/wp-json\/wp\/v2\/users\/2"}],"replies":[{"embeddable":true,"href":"https:\/\/waxholmscamping.com\/en\/wp-json\/wp\/v2\/comments?post=11"}],"version-history":[{"count":10,"href":"https:\/\/waxholmscamping.com\/en\/wp-json\/wp\/v2\/pages\/11\/revisions"}],"predecessor-version":[{"id":862,"href":"https:\/\/waxholmscamping.com\/en\/wp-json\/wp\/v2\/pages\/11\/revisions\/862"}],"wp:attachment":[{"href":"https:\/\/waxholmscamping.com\/en\/wp-json\/wp\/v2\/media?parent=11"}],"curies":[{"name":"wp","href":"https:\/\/api.w.org\/{rel}","templated":true}]}}