{"id":886,"date":"2024-04-10T17:31:22","date_gmt":"2024-04-10T15:31:22","guid":{"rendered":"https:\/\/waxholmscamping.com\/bra-att-veta-copy\/"},"modified":"2024-04-10T17:31:56","modified_gmt":"2024-04-10T15:31:56","slug":"oppettider-2","status":"publish","type":"page","link":"https:\/\/waxholmscamping.com\/de\/oppettider-2\/","title":{"rendered":"Bra att veta Copy"},"content":{"rendered":"<div class=\"wp-block-group\"><div class=\"wp-block-group__inner-container is-layout-flow wp-block-group-is-layout-flow\">\n<p>Tack f\u00f6r denna s\u00e4song! Den har varit helt fantastisk.  Bokningen \u00f6ppnar igen den 1 Februari, var redo d\u00e5. Och campingen \u00f6ppnar igen den 1 Maj fram till den 30 september 2023, v\u00e4lkomna. <\/p>\n\n\n\n<p>Lite koll p\u00e5 st\u00e4llet&#8230;<\/p>\n\n\n\n<ul class=\"has-black-color has-text-color wp-block-list\"><li>V\u00e4lkommen till oss men urs\u00e4kta r\u00f6ran. <\/li><li>V\u00e5r paddelbana har \u00f6ppnat bokas p\u00e5 www.matchi.se<\/li><li>Eincheckzeit ist nach 13:00 Uhr f\u00fcr das Campinggel\u00e4nde und nach 15:00 Uhr f\u00fcr die H\u00fctten. <\/li><li>Wir sind Mitglieder der SCR. Camping ID durch My Camping ist notwendig beim Einchecken <\/li><li>Bitte Ruhe, nach 22:00 Uhr, auf dem gesamten Campinggel\u00e4nde.<\/li><li>Die Altersgrenze f\u00fcr G\u00e4ste betrifft 23 Jahre, oder in begleitung eines Erziehungsberechtigen<\/li><li>Haustiere sind herzlich willkommen, so lange sie an der Leine gef\u00fchrt werden. <\/li><li>Grillen ist nur auf den bestimmten grillpl\u00e4tzen erlaubt, ausser wenn totales Grillverbot in ganz Stockholm herrscht.  <\/li><li>R\u00f6ka g\u00f6r vi med h\u00e4nsyn till v\u00e5ra andra g\u00e4ster. <\/li><li>Wir lieben unsere Natur, die einzige die wir haben. Helfen Sie uns den Campingplatz und die Natur runterum sauberzuhalten. <\/li><li>Auscheckzeit ist sp\u00e4testens um 11:00 Uhr. Hinterlassen sie bitte Ihren plats sch\u00f6n und sauber. <\/li><li>Ha en helt fantastisk vistelse <\/li><\/ul>\n<\/div><\/div>\n\n\n\n<p>GPS RT90<br>x:6589842<br>y:1641941<\/p>\n\n\n\n<p>GPS WGS84<br>LAT:59\u00ba 24&#8242; 18.78&#8243;<br>LONG:18\u00ba 18&#8242; 16.36&#8243;<\/p>\n\n<!--themify_builder_content-->\n<div id=\"themify_builder_content-886\" data-postid=\"886\" class=\"themify_builder_content themify_builder_content-886 themify_builder tf_clear\">\n    <\/div>\n<!--\/themify_builder_content-->","protected":false},"excerpt":{"rendered":"<p>Danke f\u00fcr diese Saison! Es war absolut fantastisch. Die Buchung ist ab dem 1. Februar wieder m\u00f6glich, seien Sie dann bereit. Und der Campingplatz \u00f6ffnet wieder vom 1. Mai bis zum 30. September 2023, herzlich willkommen. Ein kleiner \u00dcberblick \u00fcber den Ort... Willkommen bei uns, aber entschuldigen Sie die Unordnung. Unser Paddelkurs ist ge\u00f6ffnet und kann unter www.matchi.se gebucht werden. Der Check-in erfolgt nach 13:00 Uhr f\u00fcr [...]<\/p>","protected":false},"author":1,"featured_media":270,"parent":0,"menu_order":0,"comment_status":"closed","ping_status":"closed","template":"","meta":{"advanced_seo_description":"","jetpack_seo_html_title":"","jetpack_seo_noindex":false,"footnotes":""},"class_list":["post-886","page","type-page","status-publish","has-post-thumbnail","hentry","has-post-title","has-post-date","has-post-category","has-post-tag","has-post-comment","has-post-author",""],"jetpack_sharing_enabled":true,"builder_content":"","_links":{"self":[{"href":"https:\/\/waxholmscamping.com\/de\/wp-json\/wp\/v2\/pages\/886","targetHints":{"allow":["GET"]}}],"collection":[{"href":"https:\/\/waxholmscamping.com\/de\/wp-json\/wp\/v2\/pages"}],"about":[{"href":"https:\/\/waxholmscamping.com\/de\/wp-json\/wp\/v2\/types\/page"}],"author":[{"embeddable":true,"href":"https:\/\/waxholmscamping.com\/de\/wp-json\/wp\/v2\/users\/1"}],"replies":[{"embeddable":true,"href":"https:\/\/waxholmscamping.com\/de\/wp-json\/wp\/v2\/comments?post=886"}],"version-history":[{"count":2,"href":"https:\/\/waxholmscamping.com\/de\/wp-json\/wp\/v2\/pages\/886\/revisions"}],"predecessor-version":[{"id":888,"href":"https:\/\/waxholmscamping.com\/de\/wp-json\/wp\/v2\/pages\/886\/revisions\/888"}],"wp:featuredmedia":[{"embeddable":true,"href":"https:\/\/waxholmscamping.com\/de\/wp-json\/wp\/v2\/media\/270"}],"wp:attachment":[{"href":"https:\/\/waxholmscamping.com\/de\/wp-json\/wp\/v2\/media?parent=886"}],"curies":[{"name":"wp","href":"https:\/\/api.w.org\/{rel}","templated":true}]}}