{"id":745,"date":"2023-06-12T22:01:20","date_gmt":"2023-06-12T20:01:20","guid":{"rendered":"https:\/\/waxholmscamping.com\/kontakt-copy\/"},"modified":"2026-03-09T21:26:48","modified_gmt":"2026-03-09T20:26:48","slug":"vinterforvaring","status":"publish","type":"page","link":"https:\/\/waxholmscamping.com\/de\/vinterforvaring\/","title":{"rendered":"Winterlager"},"content":{"rendered":"<!--themify_builder_content-->\n<div id=\"themify_builder_content-745\" data-postid=\"745\" class=\"themify_builder_content themify_builder_content-745 themify_builder tf_clear\">\n    \t\t\t<!-- module_row -->\n\t<div  data-lazy=\"1\" class=\"module_row themify_builder_row tb_d761201 tb_first tf_w tf_clearfix tb_link_outline\" data-tb_link=\"https:\/\/www.storage365.se\/annonser\/fordon\/Vaxholm\/Uppst%C3%A4llning-fordon-Vaxholm-\/1044858\">\n\t    \t\t\t<div class=\"row_inner col_align_top tb_col_count_1 tf_box tf_rel\">\n\t\t            <div  data-lazy=\"1\" class=\"module_column tb-column col-full tb_zzbw220 first\">\n                                                        <div class=\"tb-column-inner tf_box tf_w\">\n                        <!-- module fancy heading -->\n<div  class=\"module module-fancy-heading tb_l6lf055  tb_hide_divider\" data-lazy=\"1\">\n        <h1 class=\"fancy-heading tf_textc\">\n    <span class=\"main-head tf_block\">\n\t\t\t\t\tWinterlager\t\t    <\/span>\n\n\t\n    <span class=\"sub-head tf_block tf_rel\">\n\t\t\t\t\t\t\t    <\/span>\n    <\/h1>\n<\/div>\n<!-- \/module fancy heading -->\n<!-- module image -->\n<div  class=\"module module-image tb_pmk2999   image-center tf_mw\" data-lazy=\"1\">\n        <div class=\"image-wrap tf_rel tf_mw\">\n\t\t    <img loading=\"lazy\" decoding=\"async\" src=\"https:\/\/i0.wp.com\/waxholmscamping.com\/wp-content\/uploads\/2021\/06\/cropped-Waxholm_symbol_final_green_Rityta-1.png?resize=150%2C58&#038;ssl=1\" width=\"150\" height=\"58\" class=\"wp-post-image wp-image-98\" title=\"cropped-Waxholm_symbol_final_green_Drawing-1.png\" alt=\"cropped-Waxholm_symbol_final_green_Rityta-1.png\" srcset=\"https:\/\/i0.wp.com\/waxholmscamping.com\/wp-content\/uploads\/2021\/06\/cropped-Waxholm_symbol_final_green_Rityta-1.png?resize=150%2C58&amp;ssl=1 150w, https:\/\/i0.wp.com\/waxholmscamping.com\/wp-content\/uploads\/2021\/06\/cropped-Waxholm_symbol_final_green_Rityta-1.png?resize=300%2C118&amp;ssl=1 300w, https:\/\/i0.wp.com\/waxholmscamping.com\/wp-content\/uploads\/2021\/06\/cropped-Waxholm_symbol_final_green_Rityta-1.png?resize=100%2C39&amp;ssl=1 100w, https:\/\/i0.wp.com\/waxholmscamping.com\/wp-content\/uploads\/2021\/06\/cropped-Waxholm_symbol_final_green_Rityta-1.png?w=341&amp;ssl=1 341w\" sizes=\"auto, (max-width: 150px) 100vw, 150px\" data-recalc-dims=\"1\" \/>\t\n\t\t<\/div>\n\t<!-- \/image-wrap -->\n    \n    \t<\/div>\n<!-- \/module image -->                    <\/div>\n                            <\/div>\n            \t    <\/div>\n\t    <!-- \/row_inner -->\n\t<\/div>\n\t<!-- \/module_row -->\n\t\t\t\t<!-- module_row -->\n\t<div  data-lazy=\"1\" class=\"module_row themify_builder_row tb_qkv0069 tf_w tf_clearfix\">\n\t    \t\t\t<div class=\"row_inner col_align_top tb_col_count_1 tf_box tf_rel\">\n\t\t            <div  data-lazy=\"1\" class=\"module_column tb-column col-full tb_klm8200 first\">\n                                                        <div class=\"tb-column-inner tf_box tf_w\">\n                        \t<div  data-lazy=\"1\" class=\"module_subrow themify_builder_sub_row tb_bbhg509 tf_w tf_clearfix tb_link_outline\" data-tb_link=\"http:\/\/Vinterf\u00f6rvaring%20\">\n\t    \t\t\t<div class=\"subrow_inner col_align_top gutter-none tb_col_count_3 tf_box tf_w\">\n\t\t            <div  data-lazy=\"1\" class=\"module_column sub_column col3-1 tb_9f6w050 first\">\n                                                <\/div>\n                        <div  data-lazy=\"1\" class=\"module_column sub_column col3-1 tb_5h4m000\">\n                                                        <div class=\"tb-column-inner tf_box tf_w\">\n                        <!-- module text -->\n<div  class=\"module module-text tb_5vly889  repeat\" data-lazy=\"1\">\n        <div  class=\"tb_text_wrap\">\n    <h3>\u00a0<\/h3>\n<h3>Uppst\u00e4llningsplatser vinter 26\/27<\/h3>\n<div><i>Boka vinterf\u00f6rvaring av husvagn, husbil eller b\u00e5t p\u00e5 trailer hos oss.<\/i><i><br \/><\/i><\/div>\n<div><i>Ni bokar plats f\u00f6r ert fordon genom Vinterlagra appen! Registrera ert fordon i appen och genomf\u00f6r bokningen snabbt och smidigt. Ni kan \u00e4ven l\u00e4gga till tj\u00e4nster som underh\u00e5llsel och vi kan \u00e4ven ta hand om era gasoltuber.<\/i><i><br \/><\/i><\/div>\n<div><i><\/i><i><br \/><\/i><\/div>\n<div><img loading=\"lazy\" decoding=\"async\" class=\"wp-image-1047\" title=\"qr-kod campingen\" src=\"https:\/\/i0.wp.com\/waxholmscamping.com\/wp-content\/uploads\/2025\/06\/qr-kod-campingen.png?resize=164%2C167&#038;ssl=1\" alt=\"qr-kod campingen\" width=\"164\" height=\"167\" srcset=\"https:\/\/i0.wp.com\/waxholmscamping.com\/wp-content\/uploads\/2025\/06\/qr-kod-campingen.png?w=220&amp;ssl=1 220w, https:\/\/i0.wp.com\/waxholmscamping.com\/wp-content\/uploads\/2025\/06\/qr-kod-campingen.png?resize=12%2C12&amp;ssl=1 12w, https:\/\/i0.wp.com\/waxholmscamping.com\/wp-content\/uploads\/2025\/06\/qr-kod-campingen.png?resize=24%2C24&amp;ssl=1 24w, https:\/\/i0.wp.com\/waxholmscamping.com\/wp-content\/uploads\/2025\/06\/qr-kod-campingen.png?resize=36%2C36&amp;ssl=1 36w, https:\/\/i0.wp.com\/waxholmscamping.com\/wp-content\/uploads\/2025\/06\/qr-kod-campingen.png?resize=48%2C48&amp;ssl=1 48w\" sizes=\"auto, (max-width: 164px) 100vw, 164px\" data-recalc-dims=\"1\" \/><i><\/i><\/div>\n<div><i>\u00a0<\/i><\/div>\n<div><i>1. Scanna QR-koden\u00a0f\u00f6r att h\u00e4mta appen<\/i><i><br \/><\/i><\/div>\n<div><i>\u00a0<\/i><\/div>\n<div><i>2. Registrera ditt fordon i appen.\u00a0<\/i><\/div>\n<div><i>\u00a0<\/i><\/div>\n<div><i>3. Klicka p\u00e5 boka och anv\u00e4nd koden F\u00f6retagskod: OU599<\/i><\/div>\n<p style=\"color: #363636; font-family: Poppins, Arial, sans-serif; font-size: 16px; font-weight: 400; letter-spacing: normal;\">\u00a0<\/p>    <\/div>\n<\/div>\n<!-- \/module text --><!-- module link_block -->\n<div  class=\"module module-link-block tb_prbo158 icon-center solid  squared\" data-lazy=\"1\">\n        <a target=\"_blank\" rel=\"noopener\" href=\"https:\/\/www.storage365.se\/annonser\/fordon\/Vaxholm\/Uppst%C3%A4llning-fordon-Waxholms-Camping-\/1044858\" class=\"tb_link_block_container ui transparent\">\n        \t\t\t<div class=\"tf-lb-icon\">\n\t\t\t\t<em class=\"tb_link_block_icon tf_inline_b\"><svg  class=\"tf_fa tf-ti-link\" aria-hidden=\"true\"><use href=\"#tf-ti-link\"><\/use><\/svg><\/em>\n\t\t\t<\/div>\n        \t\t<div class=\"tf-lb-content\">\n\t\t\t\t\t\t\t\t\t\t<div class=\"tb_link_block_heading\">Winterlager<\/div>\n\t\t\t\t\t\t\t\t\t\t<div class=\"tb_link_block_blurb\">Du kan \u00e4ven boka via l\u00e4nken ovan<\/div>\n\t\t\t\t\t<\/div>\n    <\/a>\n<\/div>\n<!-- \/module buttons -->\n                    <\/div>\n                            <\/div>\n                        <div  data-lazy=\"1\" class=\"module_column sub_column col3-1 tb_4gag805 last\">\n                                                <\/div>\n            \t    <\/div>\n\t<\/div><!-- \/themify_builder_sub_row -->\n\t                    <\/div>\n                            <\/div>\n            \t    <\/div>\n\t    <!-- \/row_inner -->\n\t<\/div>\n\t<!-- \/module_row -->\n\t\t\t\t<!-- module_row -->\n\t<div  data-css_id=\"sd6d002\" data-lazy=\"1\" class=\"module_row themify_builder_row fullwidth tb_sd6d002 tf_w tf_clearfix\">\n\t    \t\t\t<div class=\"row_inner col_align_top tb_col_count_1 tf_box tf_rel\">\n\t\t            <div  data-lazy=\"1\" class=\"module_column tb-column col-full tb_480e970 first\">\n                                                        <div class=\"tb-column-inner tf_box tf_w\">\n                                            <\/div>\n                            <\/div>\n            \t    <\/div>\n\t    <!-- \/row_inner -->\n\t<\/div>\n\t<!-- \/module_row -->\n\t<\/div>\n<!--\/themify_builder_content-->","protected":false},"excerpt":{"rendered":"<p>Vinterf\u00f6rvaring \u00a0 Uppst\u00e4llningsplatser vinter 26\/27 Boka vinterf\u00f6rvaring av husvagn, husbil eller b\u00e5t p\u00e5 trailer hos oss. Ni bokar plats f\u00f6r ert fordon genom Vinterlagra appen! Registrera ert fordon i appen och genomf\u00f6r bokningen snabbt och smidigt. Ni kan \u00e4ven l\u00e4gga till tj\u00e4nster som underh\u00e5llsel och vi kan \u00e4ven ta hand om era gasoltuber. \u00a0 1. [&hellip;]<\/p>","protected":false},"author":5,"featured_media":0,"parent":0,"menu_order":0,"comment_status":"closed","ping_status":"closed","template":"","meta":{"advanced_seo_description":"","jetpack_seo_html_title":"","jetpack_seo_noindex":false,"footnotes":""},"class_list":["post-745","page","type-page","status-publish","hentry","has-post-title","has-post-date","has-post-category","has-post-tag","has-post-comment","has-post-author",""],"jetpack_sharing_enabled":true,"builder_content":"<h1>Vinterf\u00f6rvaring<br\/><\/h1>\n<img src=\"https:\/\/waxholmscamping.com\/wp-content\/uploads\/2021\/06\/cropped-Waxholm_symbol_final_green_Rityta-1-150x58.png\" width=\"150\" height=\"58\" title=\"cropped-Waxholm_symbol_final_green_Rityta-1.png\" alt=\"cropped-Waxholm_symbol_final_green_Rityta-1.png\" srcset=\"https:\/\/i0.wp.com\/waxholmscamping.com\/wp-content\/uploads\/2021\/06\/cropped-Waxholm_symbol_final_green_Rityta-1.png?resize=150%2C58&amp;ssl=1 150w, https:\/\/i0.wp.com\/waxholmscamping.com\/wp-content\/uploads\/2021\/06\/cropped-Waxholm_symbol_final_green_Rityta-1.png?resize=300%2C118&amp;ssl=1 300w, https:\/\/i0.wp.com\/waxholmscamping.com\/wp-content\/uploads\/2021\/06\/cropped-Waxholm_symbol_final_green_Rityta-1.png?resize=100%2C39&amp;ssl=1 100w, https:\/\/i0.wp.com\/waxholmscamping.com\/wp-content\/uploads\/2021\/06\/cropped-Waxholm_symbol_final_green_Rityta-1.png?w=341&amp;ssl=1 341w\" sizes=\"(max-width: 150px) 100vw, 150px\" \/>\n<h3>\u00a0<\/h3> <h3>Uppst\u00e4llningsplatser vinter 26\/27<\/h3> <i>Boka vinterf\u00f6rvaring av husvagn, husbil eller b\u00e5t p\u00e5 trailer hos oss.<\/i><i><br \/><\/i> <i>Ni bokar plats f\u00f6r ert fordon genom Vinterlagra appen! Registrera ert fordon i appen och genomf\u00f6r bokningen snabbt och smidigt. Ni kan \u00e4ven l\u00e4gga till tj\u00e4nster som underh\u00e5llsel och vi kan \u00e4ven ta hand om era gasoltuber.<\/i><i><br \/><\/i> <i><\/i><i><br \/><\/i> <img loading=\"lazy\" decoding=\"async\" title=\"qr-kod campingen\" src=\"https:\/\/waxholmscamping.com\/wp-content\/uploads\/2025\/06\/qr-kod-campingen.png\" alt=\"qr-kod campingen\" width=\"164\" height=\"167\" srcset=\"https:\/\/i0.wp.com\/waxholmscamping.com\/wp-content\/uploads\/2025\/06\/qr-kod-campingen.png?w=220&amp;ssl=1 220w, https:\/\/i0.wp.com\/waxholmscamping.com\/wp-content\/uploads\/2025\/06\/qr-kod-campingen.png?resize=12%2C12&amp;ssl=1 12w, https:\/\/i0.wp.com\/waxholmscamping.com\/wp-content\/uploads\/2025\/06\/qr-kod-campingen.png?resize=24%2C24&amp;ssl=1 24w, https:\/\/i0.wp.com\/waxholmscamping.com\/wp-content\/uploads\/2025\/06\/qr-kod-campingen.png?resize=36%2C36&amp;ssl=1 36w, https:\/\/i0.wp.com\/waxholmscamping.com\/wp-content\/uploads\/2025\/06\/qr-kod-campingen.png?resize=48%2C48&amp;ssl=1 48w\" sizes=\"auto, (max-width: 164px) 100vw, 164px\" \/><i><\/i> <i>\u00a0<\/i> <i>1. Scanna QR-koden\u00a0f\u00f6r att h\u00e4mta appen<\/i><i><br \/><\/i> <i>\u00a0<\/i> <i>2. Registrera ditt fordon i appen.\u00a0<\/i> <i>\u00a0<\/i> <i>3. Klicka p\u00e5 boka och anv\u00e4nd koden F\u00f6retagskod: OU599<\/i> <p style=\"color: #363636; font-family: Poppins, Arial, sans-serif; font-size: 16px; font-weight: 400; letter-spacing: normal;\">\u00a0<\/p>\n<a target=\"_blank\" rel=\"noopener\" href=\"https:\/\/www.storage365.se\/annonser\/fordon\/Vaxholm\/Uppst%C3%A4llning-fordon-Waxholms-Camping-\/1044858\"> <em><svg aria-hidden=\"true\"><use href=\"#tf-ti-link\"><\/use><\/svg><\/em> Vinterf\u00f6rvaring Du kan \u00e4ven boka via l\u00e4nken ovan <\/a>\n<h3>Maila oss<br\/>Du kan \u00e4ven kontakta oss via formul\u00e4ret nedan<\/h3>\n<form id=\"tb_a9o8507-form\" method=\"post\" data-post-id=\"0\" data-element-id=\"a9o8507\" data-orig-id=\"745\" > <label for=\"tb_a9o8507-contact-name\"> Ditt namn <\/label> <input type=\"text\" name=\"contact-name\" placeholder=\" \" id=\"tb_a9o8507-contact-name\" value=\"\" > Ditt namn <label for=\"tb_a9o8507-contact-email\"> Email <\/label> <input type=\"email\" name=\"contact-email\" placeholder=\" \" id=\"tb_a9o8507-contact-email\" value=\"\" > Email <label for=\"tb_a9o8507-contact-subject\"> \u00c4mne * <\/label> <input type=\"text\" name=\"contact-subject\" placeholder=\" \" id=\"tb_a9o8507-contact-subject\" value=\"\" required> \u00c4mne * <label for=\"tb_a9o8507-contact-message\"> Meddelande <\/label> <textarea name=\"contact-message\" placeholder=\" \" id=\"tb_a9o8507-contact-message\"><\/textarea> Meddelande <button type=\"submit\"> Skicka <\/button> <\/form>\n","_links":{"self":[{"href":"https:\/\/waxholmscamping.com\/de\/wp-json\/wp\/v2\/pages\/745","targetHints":{"allow":["GET"]}}],"collection":[{"href":"https:\/\/waxholmscamping.com\/de\/wp-json\/wp\/v2\/pages"}],"about":[{"href":"https:\/\/waxholmscamping.com\/de\/wp-json\/wp\/v2\/types\/page"}],"author":[{"embeddable":true,"href":"https:\/\/waxholmscamping.com\/de\/wp-json\/wp\/v2\/users\/5"}],"replies":[{"embeddable":true,"href":"https:\/\/waxholmscamping.com\/de\/wp-json\/wp\/v2\/comments?post=745"}],"version-history":[{"count":20,"href":"https:\/\/waxholmscamping.com\/de\/wp-json\/wp\/v2\/pages\/745\/revisions"}],"predecessor-version":[{"id":1081,"href":"https:\/\/waxholmscamping.com\/de\/wp-json\/wp\/v2\/pages\/745\/revisions\/1081"}],"wp:attachment":[{"href":"https:\/\/waxholmscamping.com\/de\/wp-json\/wp\/v2\/media?parent=745"}],"curies":[{"name":"wp","href":"https:\/\/api.w.org\/{rel}","templated":true}]}}