{"id":6,"date":"2021-06-18T18:38:39","date_gmt":"2021-06-18T18:38:39","guid":{"rendered":"https:\/\/waxholmscamping.com\/?page_id=6"},"modified":"2021-06-18T18:38:39","modified_gmt":"2021-06-18T18:38:39","slug":"om","status":"publish","type":"page","link":"https:\/\/waxholmscamping.com\/de\/om\/","title":{"rendered":"Wenn"},"content":{"rendered":"<p class=\"has-text-color\" style=\"color:#526744\"><strong>Din naturoas i sk\u00e4rg\u00e5rden.<\/strong><\/p>\n\n\n\n<p class=\"has-text-color\" style=\"color:#526744\">Es ist eine gro\u00dfartige Vision. Und nichts, was wir selbst tun.<br>Wir haben uns entschieden, in Vaxholm zu leben, zu arbeiten und unsere Familien zu gr\u00fcnden.<\/p>\n\n\n\n<p class=\"has-text-color\" style=\"color:#526744\">Vaxholm \u00e4r en fantastisk plats. En stad mitt i naturen. En knutpunkt f\u00f6r Sk\u00e4rdg\u00e5rden. Ja du vet.&nbsp;En plats som gjord f\u00f6r att skapa barndomsminnen. S\u00e5 fick vi m\u00f6jlighet att ta \u00f6ver Eriks\u00f6 Camping.&nbsp;<\/p>\n\n\n\n<p class=\"has-text-color\" style=\"color:#526744\">Unser Ziel ist es, einen Ort zu schaffen, an den Sie das ganze Jahr \u00fcber kommen m\u00f6chten.<br>\u00a0Hos Waxholms Camping kommer du\u00a0 som du \u00e4r; en promenad fr\u00e5n andra sidan \u00f6n, med bil, cykel eller med b\u00e5t.\u00a0 Waxholms Camping sammanfattar v\u00e5r k\u00e4rlek till naturen, strandliv och Vaxholm &#8211; paketerat i en oas mitt i naturen.\u00a0<\/p>\n\n\n\n<p class=\"has-text-color\" style=\"color:#526744\">Kommen Sie, wie Sie sind, und hinterlassen Sie uns ein wenig gl\u00fccklicher.&nbsp;<\/p>\n\n\n\n<p class=\"has-text-color\" style=\"color:#526744\">Waxholms Camping ligger p\u00e5 Vaxholms friluftsomr\u00e5de Eriks\u00f6, som ligger bel\u00e4get p\u00e5 Vax\u00f6n som \u00e4r Vaxholms huvud\u00f6. Geografisk hittar du oss invid fj\u00e4rden med Bogesundslandet p\u00e5 ena sidan och Kull\u00f6n p\u00e5 den andra.\u00a0<br>Tidsm\u00e4ssigt n\u00e5gra f\u00e5 minuter fr\u00e5n Vaxholms stadsk\u00e4rna och 30 minuter fr\u00e5n Stockholm men sj\u00e4lsligt ljus\u00e5r fr\u00e5n stadens stress finns Eriks\u00f6 naturomr\u00e5de. Mitt i blandskogen som utg\u00f6rs av tall, gran ek, al, bok, lind och bj\u00f6rk och sl\u00e4nter t\u00e4ckta av bl\u00e5sippor och vitsippor \u00f6ppnar sig en vacker strand, en restaurang och sk\u00e4rg\u00e5rdsstugor.\u00a0Ljudbilden blandas av ljudet fr\u00e5n de m\u00e5nga djurarter som; sj\u00f6f\u00e5glar, och skogsf\u00e5glar, glass\u00e4tande barn och friluftsvandrare.<br>Sandstranden inbjuder till h\u00e4rliga sommardagar med v\u00e5r ny\u00f6ppnade fik och du har hela sommaren p\u00e5 dig att hitta din favoritglass, oavsett vilken.\u00a0<br>Runt \u00f6n finns en l\u00f6parsp\u00e5r, som p\u00e5 vintern blir till l\u00e4ngdsp\u00e5r. L\u00e4ngs det upplysta sp\u00e5ret finns m\u00f6jlighet b\u00e5de att slinka in i utegymmet eller att avsluta med n\u00e5got uppfriskande i fiket. Du best\u00e4mmer sj\u00e4lv. Vi finns h\u00e4r f\u00f6r dig. Varmt v\u00e4lkommen.<\/p>\n\n\n\n<p class=\"has-text-color\" style=\"color:#526744\"><br>Vi p\u00e5 Waxholms Camping<\/p>\n\n\n\n<figure class=\"wp-block-image size-large is-style-default\"><img loading=\"lazy\" decoding=\"async\" width=\"1024\" height=\"681\" src=\"https:\/\/i0.wp.com\/waxholmscamping.com\/wp-content\/uploads\/2021\/06\/campfire-984020_1920.jpg?resize=1024%2C681&#038;ssl=1\" alt=\"\" class=\"wp-image-45\" srcset=\"https:\/\/i0.wp.com\/waxholmscamping.com\/wp-content\/uploads\/2021\/06\/campfire-984020_1920.jpg?resize=1024%2C681&amp;ssl=1 1024w, https:\/\/i0.wp.com\/waxholmscamping.com\/wp-content\/uploads\/2021\/06\/campfire-984020_1920.jpg?resize=300%2C199&amp;ssl=1 300w, https:\/\/i0.wp.com\/waxholmscamping.com\/wp-content\/uploads\/2021\/06\/campfire-984020_1920.jpg?resize=768%2C510&amp;ssl=1 768w, https:\/\/i0.wp.com\/waxholmscamping.com\/wp-content\/uploads\/2021\/06\/campfire-984020_1920.jpg?resize=1536%2C1021&amp;ssl=1 1536w, https:\/\/i0.wp.com\/waxholmscamping.com\/wp-content\/uploads\/2021\/06\/campfire-984020_1920.jpg?w=1920&amp;ssl=1 1920w\" sizes=\"auto, (max-width: 1024px) 100vw, 1024px\" data-recalc-dims=\"1\" \/><\/figure>\n<!--themify_builder_content-->\n<div id=\"themify_builder_content-6\" data-postid=\"6\" class=\"themify_builder_content themify_builder_content-6 themify_builder tf_clear\">\n    <\/div>\n<!--\/themify_builder_content-->","protected":false},"excerpt":{"rendered":"<p>Din naturoas i sk\u00e4rg\u00e5rden. Det \u00e4r en stor vision. Och ingenting vi g\u00f6r sj\u00e4lva.Vi har valt att leva, arbeta och bygga upp v\u00e5ra familjer i Vaxholm. Vaxholm \u00e4r en fantastisk plats. En stad mitt i naturen. En knutpunkt f\u00f6r Sk\u00e4rdg\u00e5rden. Ja du vet.&nbsp;En plats som gjord f\u00f6r att skapa barndomsminnen. S\u00e5 fick vi m\u00f6jlighet att [&hellip;]<\/p>","protected":false},"author":2,"featured_media":0,"parent":0,"menu_order":0,"comment_status":"closed","ping_status":"closed","template":"","meta":{"advanced_seo_description":"","jetpack_seo_html_title":"","jetpack_seo_noindex":false,"footnotes":""},"class_list":["post-6","page","type-page","status-publish","hentry","has-post-title","has-post-date","has-post-category","has-post-tag","has-post-comment","has-post-author",""],"jetpack_sharing_enabled":true,"builder_content":"","_links":{"self":[{"href":"https:\/\/waxholmscamping.com\/de\/wp-json\/wp\/v2\/pages\/6","targetHints":{"allow":["GET"]}}],"collection":[{"href":"https:\/\/waxholmscamping.com\/de\/wp-json\/wp\/v2\/pages"}],"about":[{"href":"https:\/\/waxholmscamping.com\/de\/wp-json\/wp\/v2\/types\/page"}],"author":[{"embeddable":true,"href":"https:\/\/waxholmscamping.com\/de\/wp-json\/wp\/v2\/users\/2"}],"replies":[{"embeddable":true,"href":"https:\/\/waxholmscamping.com\/de\/wp-json\/wp\/v2\/comments?post=6"}],"version-history":[{"count":0,"href":"https:\/\/waxholmscamping.com\/de\/wp-json\/wp\/v2\/pages\/6\/revisions"}],"wp:attachment":[{"href":"https:\/\/waxholmscamping.com\/de\/wp-json\/wp\/v2\/media?parent=6"}],"curies":[{"name":"wp","href":"https:\/\/api.w.org\/{rel}","templated":true}]}}