{"id":419,"date":"2019-02-12T06:59:39","date_gmt":"2019-02-12T05:59:39","guid":{"rendered":"https:\/\/waxholmscamping.com\/about\/"},"modified":"2023-04-13T20:05:25","modified_gmt":"2023-04-13T18:05:25","slug":"omoss","status":"publish","type":"page","link":"https:\/\/waxholmscamping.com\/de\/omoss\/","title":{"rendered":"\u00dcber uns"},"content":{"rendered":"<!--themify_builder_content-->\n<div id=\"themify_builder_content-419\" data-postid=\"419\" class=\"themify_builder_content themify_builder_content-419 themify_builder tf_clear\">\n    \t\t\t<!-- module_row -->\n\t<div  data-css_id=\"9d46abd\" data-lazy=\"1\" class=\"module_row themify_builder_row fullwidth_row_container tb_9d46abd tb_first tf_w tf_clearfix\">\n\t    \t\t\t<div class=\"row_inner col_align_top tb_col_count_1 tf_box tf_rel\">\n\t\t            <div  data-lazy=\"1\" class=\"module_column tb-column col-full tb_7928ae4 first\">\n                                                        <div class=\"tb-column-inner tf_box tf_w\">\n                        <!-- module fancy heading -->\n<div  class=\"module module-fancy-heading tb_d137649  tb_hide_divider\" data-lazy=\"1\">\n        <h1 class=\"fancy-heading tf_textc\">\n    <span class=\"main-head tf_block\">\n\t\t\t\t\t\u00dcber uns\t\t    <\/span>\n\n\t\n    <span class=\"sub-head tf_block tf_rel\">\n\t\t\t\t\t\t\t    <\/span>\n    <\/h1>\n<\/div>\n<!-- \/module fancy heading -->\n<!-- module image -->\n<div  class=\"module module-image tb_f0b96dd   image-center tf_mw\" data-lazy=\"1\">\n        <div class=\"image-wrap tf_rel tf_mw\">\n\t\t    <img loading=\"lazy\" decoding=\"async\" src=\"https:\/\/i0.wp.com\/waxholmscamping.com\/wp-content\/uploads\/2021\/06\/cropped-Waxholm_symbol_final_green_Rityta-1.png?resize=150%2C58&#038;ssl=1\" width=\"150\" height=\"58\" class=\"wp-post-image wp-image-98\" title=\"cropped-Waxholm_symbol_final_green_Drawing-1.png\" alt=\"cropped-Waxholm_symbol_final_green_Rityta-1.png\" srcset=\"https:\/\/i0.wp.com\/waxholmscamping.com\/wp-content\/uploads\/2021\/06\/cropped-Waxholm_symbol_final_green_Rityta-1.png?resize=150%2C58&amp;ssl=1 150w, https:\/\/i0.wp.com\/waxholmscamping.com\/wp-content\/uploads\/2021\/06\/cropped-Waxholm_symbol_final_green_Rityta-1.png?resize=300%2C118&amp;ssl=1 300w, https:\/\/i0.wp.com\/waxholmscamping.com\/wp-content\/uploads\/2021\/06\/cropped-Waxholm_symbol_final_green_Rityta-1.png?resize=100%2C39&amp;ssl=1 100w, https:\/\/i0.wp.com\/waxholmscamping.com\/wp-content\/uploads\/2021\/06\/cropped-Waxholm_symbol_final_green_Rityta-1.png?w=341&amp;ssl=1 341w\" sizes=\"auto, (max-width: 150px) 100vw, 150px\" data-recalc-dims=\"1\" \/>\t\n\t\t<\/div>\n\t<!-- \/image-wrap -->\n    \n    \t<\/div>\n<!-- \/module image -->                    <\/div>\n                            <\/div>\n            \t    <\/div>\n\t    <!-- \/row_inner -->\n\t<\/div>\n\t<!-- \/module_row -->\n\t\t\t\t<!-- module_row -->\n\t<div  data-css_id=\"40f477e\" data-lazy=\"1\" class=\"module_row themify_builder_row fullwidth_row_container tb_40f477e tf_w tf_clearfix\">\n\t    \t\t\t<div class=\"row_inner col_align_top tb_col_count_1 tf_box tf_rel\">\n\t\t            <div  data-lazy=\"1\" class=\"module_column tb-column col-full tb_he9z468 first\">\n                                                        <div class=\"tb-column-inner tf_box tf_w\">\n                        <!-- module fancy heading -->\n<div  class=\"module module-fancy-heading tb_74ms468  tb_hide_divider\" data-lazy=\"1\">\n        <h3 class=\"fancy-heading tf_textc\">\n    <span class=\"main-head tf_block\">\n\t\t\t\t\tIhre Oase im Archipel.\t\t    <\/span>\n\n\t\n    <span class=\"sub-head tf_block tf_rel\">\n\t\t\t\t\tEs ist eine gro\u00dfartige Vision. Und nichts, was wir selbst tun.\t\t    <\/span>\n    <\/h3>\n<\/div>\n<!-- \/module fancy heading -->\n<!-- module image -->\n<div  class=\"module module-image tb_s9b4469   image-center tf_mw\" data-lazy=\"1\">\n        <div class=\"image-wrap tf_rel tf_mw\">\n\t\t    <img loading=\"lazy\" decoding=\"async\" src=\"https:\/\/i0.wp.com\/waxholmscamping.com\/wp-content\/uploads\/2021\/06\/cropped-Waxholm_symbol_final_green_Rityta-1.png?resize=150%2C58&#038;ssl=1\" width=\"150\" height=\"58\" class=\"wp-post-image wp-image-98\" title=\"cropped-Waxholm_symbol_final_green_Drawing-1.png\" alt=\"cropped-Waxholm_symbol_final_green_Rityta-1.png\" srcset=\"https:\/\/i0.wp.com\/waxholmscamping.com\/wp-content\/uploads\/2021\/06\/cropped-Waxholm_symbol_final_green_Rityta-1.png?resize=150%2C58&amp;ssl=1 150w, https:\/\/i0.wp.com\/waxholmscamping.com\/wp-content\/uploads\/2021\/06\/cropped-Waxholm_symbol_final_green_Rityta-1.png?resize=300%2C118&amp;ssl=1 300w, https:\/\/i0.wp.com\/waxholmscamping.com\/wp-content\/uploads\/2021\/06\/cropped-Waxholm_symbol_final_green_Rityta-1.png?resize=100%2C39&amp;ssl=1 100w, https:\/\/i0.wp.com\/waxholmscamping.com\/wp-content\/uploads\/2021\/06\/cropped-Waxholm_symbol_final_green_Rityta-1.png?w=341&amp;ssl=1 341w\" sizes=\"auto, (max-width: 150px) 100vw, 150px\" data-recalc-dims=\"1\" \/>\t\n\t\t<\/div>\n\t<!-- \/image-wrap -->\n    \n    \t<\/div>\n<!-- \/module image -->                    <\/div>\n                            <\/div>\n            \t    <\/div>\n\t    <!-- \/row_inner -->\n\t<\/div>\n\t<!-- \/module_row -->\n\t\t\t\t<!-- module_row -->\n\t<div  data-lazy=\"1\" class=\"module_row themify_builder_row tb_t9c8462 tf_w tf_clearfix\">\n\t    \t\t\t<div class=\"row_inner col_align_top tb_col_count_2 tf_box tf_rel\">\n\t\t            <div  data-lazy=\"1\" class=\"module_column tb-column col4-2 tb_r6js469 first\">\n                                                        <div class=\"tb-column-inner tf_box tf_w\">\n                        <!-- module text -->\n<div  class=\"module module-text tb_1713dff  repeat\" data-lazy=\"1\">\n        <div  class=\"tb_text_wrap\">\n    <p class=\"has-text-color\">Wir haben uns entschieden, in Vaxholm zu leben, zu arbeiten und unsere Familien zu gr\u00fcnden.<\/p>\n<p class=\"has-text-color\">Vaxholm ist ein fantastischer Ort. Eine Stadt mitten in der Natur. Ein Knotenpunkt f\u00fcr den Archipel. Ja du wei\u00dft. Ein Ort, der geschaffen wurde, um Kindheitserinnerungen zu schaffen. So hatten wir die M\u00f6glichkeit, Eriks\u00f6 Camping zu \u00fcbernehmen.\u00a0<\/p>\n<p class=\"has-text-color\">Unser Ziel ist es, einen Ort zu schaffen, an den Sie das ganze Jahr \u00fcber kommen m\u00f6chten.<br>Auf Waxholms Camping kommen Sie, wie Sie sind: zu Fu\u00df von der anderen Seite der Insel, mit dem Auto, dem Fahrrad oder mit dem Boot. Waxholms Camping fasst unsere Liebe zur Natur, zum Strandleben und zu Vaxholm zusammen \u2013 verpackt in einer Oase mitten in der Natur.\u00a0<\/p>\n<p class=\"has-text-color\">Kommen Sie, wie Sie sind, und hinterlassen Sie uns ein wenig gl\u00fccklicher.\u00a0<\/p>\n<p class=\"has-text-color\"><span style=\"background-color: initial;\">Waxholms Camping liegt im Au\u00dfenbereich von Vaxholm Eriks\u00f6 auf Vax\u00f6n, der Hauptinsel von Vaxholm.<\/span>\u00a0Geografisch gesehen finden Sie uns neben der Bucht mit Bogesundslandet auf der einen und Kull\u00f6n auf der anderen Seite.\u00a0<\/p>\n<p class=\"has-text-color\">\u00a0<\/p>    <\/div>\n<\/div>\n<!-- \/module text -->                    <\/div>\n                            <\/div>\n                        <div  data-lazy=\"1\" class=\"module_column tb-column col4-2 tb_6dc7f32 last\">\n                                                        <div class=\"tb-column-inner tf_box tf_w\">\n                        <!-- module text -->\n<div  class=\"module module-text tb_9q6w469  repeat\" data-lazy=\"1\">\n        <div  class=\"tb_text_wrap\">\n    <div class=\"block two text-container\">\n<p class=\"has-text-color\">Zeitlich gesehen liegt das Naturgebiet Eriks\u00f6 nur wenige Minuten vom Stadtzentrum von Vaxholm und 30 Minuten von Stockholm entfernt, aber geistig Lichtjahre vom Stress der Stadt entfernt. Inmitten des Mischwaldes bestehend aus Kiefern, Fichten, Eichen, Erlen, Buchen, Linden und Birken und mit Blau- und Wei\u00dfseggen bedeckten H\u00e4ngen \u00f6ffnet sich ein wundersch\u00f6ner Strand mit einem Restaurant und Sch\u00e4renh\u00fctten. Hier vermischen sich die Ger\u00e4usche von Seev\u00f6geln, Waldv\u00f6geln, Eis essenden Kindern und Outdoor-Wanderern.<\/p>\n<p class=\"has-text-color\"><span style=\"background-color: initial; font-size: 1em;\">Der Sandstrand l\u00e4dt mit unserem neu er\u00f6ffneten Caf\u00e9 zu sch\u00f6nen Sommertagen ein und Sie haben den ganzen Sommer Zeit, Ihr Lieblingseis zu finden.<\/span><\/p>\n<p class=\"has-text-color\"><span style=\"background-color: initial;\">Rund um die Insel gibt es eine \u00dcbungsstrecke zum Laufen, die im Winter in eine Langlaufstrecke umgewandelt wird.<\/span><span style=\"background-color: initial; font-size: 1em;\">\u00a0Entlang der beleuchteten Strecke besteht die M\u00f6glichkeit, ins Outdoor-Fitnessstudio zu schl\u00fcpfen oder sich im Caf\u00e9 etwas Erfrischendes zu g\u00f6nnen. Sie entscheiden selbst. Wir sind f\u00fcr dich da. Herzliches Willkommen.<\/span><\/p>\n<p class=\"has-text-color\"><i>Meryem &amp; Johan und Jonas &amp; Jessica mit Personal.\u00a0<\/i><\/p>\n<\/div>    <\/div>\n<\/div>\n<!-- \/module text -->                    <\/div>\n                            <\/div>\n            \t    <\/div>\n\t    <!-- \/row_inner -->\n\t<\/div>\n\t<!-- \/module_row -->\n\t\t\t\t<!-- module_row -->\n\t<div  data-css_id=\"f452d18\" data-lazy=\"1\" class=\"module_row themify_builder_row fullwidth tb_f452d18 tf_w tf_clearfix hide-tablet hide-mobile\">\n\t    \t\t\t<div class=\"row_inner col_align_top tb_col_count_2 tf_box tf_rel\">\n\t\t            <div  data-lazy=\"1\" class=\"module_column tb-column col4-2 tb_3ba2bff first\">\n                                                <\/div>\n                        <div  data-lazy=\"1\" class=\"module_column tb-column col4-2 tb_1373b9c last\">\n                                                <\/div>\n            \t    <\/div>\n\t    <!-- \/row_inner -->\n\t<\/div>\n\t<!-- \/module_row -->\n\t\t\t\t<!-- module_row -->\n\t<div  data-css_id=\"66d0518\" data-lazy=\"1\" class=\"module_row themify_builder_row fullwidth_row_container tb_66d0518 tf_w tf_clearfix\">\n\t    <div class=\"builder_row_cover tf_abs\"><\/div>\t\t\t<div class=\"row_inner col_align_middle gutter-none tb_col_count_2 tf_box tf_rel\">\n\t\t            <div  data-lazy=\"1\" class=\"module_column tb-column col3-1 tb_30632b1 first\">\n                                                <\/div>\n                        <div  data-lazy=\"1\" class=\"module_column tb-column col3-2 tb_ccfce94 last\">\n                                                        <div class=\"tb-column-inner tf_box tf_w\">\n                        <!-- module text -->\n<div  class=\"module module-text tb_d0c116a  repeat\" data-lazy=\"1\">\n        <div  class=\"tb_text_wrap\">\n    <p>Familienbetrieb<\/p>    <\/div>\n<\/div>\n<!-- \/module text --><!-- module text -->\n<div  class=\"module module-text tb_zytc471  repeat\" data-lazy=\"1\">\n        <div  class=\"tb_text_wrap\">\n    <h3>\u201eUnser Ziel ist es, einen Ort zu schaffen, an den man das ganze Jahr \u00fcber kommen m\u00f6chte.\u201c<\/h3>    <\/div>\n<\/div>\n<!-- \/module text -->                    <\/div>\n                            <\/div>\n            \t    <\/div>\n\t    <!-- \/row_inner -->\n\t<\/div>\n\t<!-- \/module_row -->\n\t<\/div>\n<!--\/themify_builder_content-->","protected":false},"excerpt":{"rendered":"<p>\u00dcber uns Ihre Oase im Archipel. Es ist eine gro\u00dfe Vision. Und nichts, was wir selbst tun. Wir haben uns entschieden, in Vaxholm zu leben, zu arbeiten und unsere Familien zu gr\u00fcnden. Vaxholm ist ein fantastischer Ort. Eine Stadt mitten in der Natur. Ein Knotenpunkt f\u00fcr den Archipel. Ja du wei\u00dft. Ein Ort, der geschaffen wurde, um Kindheitserinnerungen zu schaffen. Dann bekamen wir [\u2026]<\/p>","protected":false},"author":1,"featured_media":0,"parent":0,"menu_order":0,"comment_status":"closed","ping_status":"closed","template":"","meta":{"advanced_seo_description":"","jetpack_seo_html_title":"","jetpack_seo_noindex":false,"footnotes":""},"class_list":["post-419","page","type-page","status-publish","hentry","has-post-title","has-post-date","has-post-category","has-post-tag","has-post-comment","has-post-author",""],"jetpack_sharing_enabled":true,"builder_content":"<h1>Om oss<br\/><\/h1>\n<img src=\"https:\/\/waxholmscamping.com\/wp-content\/uploads\/2021\/06\/cropped-Waxholm_symbol_final_green_Rityta-1-150x58.png\" width=\"150\" height=\"58\" title=\"cropped-Waxholm_symbol_final_green_Rityta-1.png\" alt=\"cropped-Waxholm_symbol_final_green_Rityta-1.png\" srcset=\"https:\/\/i0.wp.com\/waxholmscamping.com\/wp-content\/uploads\/2021\/06\/cropped-Waxholm_symbol_final_green_Rityta-1.png?resize=150%2C58&amp;ssl=1 150w, https:\/\/i0.wp.com\/waxholmscamping.com\/wp-content\/uploads\/2021\/06\/cropped-Waxholm_symbol_final_green_Rityta-1.png?resize=300%2C118&amp;ssl=1 300w, https:\/\/i0.wp.com\/waxholmscamping.com\/wp-content\/uploads\/2021\/06\/cropped-Waxholm_symbol_final_green_Rityta-1.png?resize=100%2C39&amp;ssl=1 100w, https:\/\/i0.wp.com\/waxholmscamping.com\/wp-content\/uploads\/2021\/06\/cropped-Waxholm_symbol_final_green_Rityta-1.png?w=341&amp;ssl=1 341w\" sizes=\"(max-width: 150px) 100vw, 150px\" \/>\n<h3>Din oas i sk\u00e4rg\u00e5rden.<br\/>Det \u00e4r en stor vision. Och ingenting vi g\u00f6r sj\u00e4lva.<\/h3>\n<img src=\"https:\/\/waxholmscamping.com\/wp-content\/uploads\/2021\/06\/cropped-Waxholm_symbol_final_green_Rityta-1-150x58.png\" width=\"150\" height=\"58\" title=\"cropped-Waxholm_symbol_final_green_Rityta-1.png\" alt=\"cropped-Waxholm_symbol_final_green_Rityta-1.png\" srcset=\"https:\/\/i0.wp.com\/waxholmscamping.com\/wp-content\/uploads\/2021\/06\/cropped-Waxholm_symbol_final_green_Rityta-1.png?resize=150%2C58&amp;ssl=1 150w, https:\/\/i0.wp.com\/waxholmscamping.com\/wp-content\/uploads\/2021\/06\/cropped-Waxholm_symbol_final_green_Rityta-1.png?resize=300%2C118&amp;ssl=1 300w, https:\/\/i0.wp.com\/waxholmscamping.com\/wp-content\/uploads\/2021\/06\/cropped-Waxholm_symbol_final_green_Rityta-1.png?resize=100%2C39&amp;ssl=1 100w, https:\/\/i0.wp.com\/waxholmscamping.com\/wp-content\/uploads\/2021\/06\/cropped-Waxholm_symbol_final_green_Rityta-1.png?w=341&amp;ssl=1 341w\" sizes=\"(max-width: 150px) 100vw, 150px\" \/>\n<p>Vi har valt att leva, arbeta och bygga upp v\u00e5ra familjer i Vaxholm.<\/p> <p>Vaxholm \u00e4r en fantastisk plats. En stad mitt i naturen. En knutpunkt f\u00f6r Sk\u00e4rdg\u00e5rden. Ja du vet.\u00a0En plats som gjord f\u00f6r att skapa barndomsminnen. S\u00e5 fick vi m\u00f6jlighet att ta \u00f6ver Eriks\u00f6 Camping.\u00a0<\/p> <p>V\u00e5r ambition \u00e4r skapa en plats dit du vill komma \u00e5ret om.<br>Hos Waxholms Camping kommer du som du \u00e4r: p\u00e5 promenad fr\u00e5n andra sidan \u00f6n, med bil, cykel eller med b\u00e5t. Waxholms Camping sammanfattar v\u00e5r k\u00e4rlek till naturen, strandliv och Vaxholm \u2013 paketerat i en oas mitt i naturen.\u00a0<\/p> <p>Kom som du \u00e4r, l\u00e4mna oss lite lyckligare.\u00a0<\/p> <p>Waxholms Camping ligger p\u00e5 Vaxholms friluftsomr\u00e5de Eriks\u00f6, p\u00e5 Vax\u00f6n som \u00e4r Vaxholms huvud\u00f6.\u00a0Geografisk hittar du oss invid fj\u00e4rden med Bogesundslandet p\u00e5 ena sidan och Kull\u00f6n p\u00e5 den andra.\u00a0<\/p> <p>\u00a0<\/p>\n<p>Tidsm\u00e4ssigt n\u00e5gra f\u00e5 minuter fr\u00e5n Vaxholms stadsk\u00e4rna och 30 minuter fr\u00e5n Stockholm men sj\u00e4lsligt ljus\u00e5r fr\u00e5n stadens stress finns Eriks\u00f6 naturomr\u00e5de. Mitt i blandskogen som utg\u00f6rs av tall, gran ek, al, bok, lind och bj\u00f6rk och sl\u00e4nter t\u00e4ckta av bl\u00e5sippor och vitsippor \u00f6ppnar sig en vacker strand med en restaurang och sk\u00e4rg\u00e5rdsstugor. H\u00e4r blandas ljuden fr\u00e5n\u00a0 sj\u00f6f\u00e5glar, skogsf\u00e5glar, glass\u00e4tande barn och friluftsvandrare.<\/p> <p>Sandstranden inbjuder till h\u00e4rliga sommardagar med v\u00e5rt ny\u00f6ppnade fik och du har hela sommaren p\u00e5 dig att hitta din favoritglass.<\/p> <p>Runt \u00f6n finns ett motionssp\u00e5r f\u00f6r l\u00f6pning som p\u00e5 vintern blir till ett l\u00e4ngdsp\u00e5r.\u00a0L\u00e4ngs det upplysta sp\u00e5ret finns m\u00f6jlighet b\u00e5de att slinka in i utegymmet eller att avsluta med n\u00e5got uppfriskande i fiket. Du best\u00e4mmer sj\u00e4lv. Vi finns h\u00e4r f\u00f6r dig. Varmt v\u00e4lkommen.<\/p> <p><i>Meryem &amp; Johan samt Jonas &amp; Jessica med personal.\u00a0<\/i><\/p>\n<p>Familjef\u00f6retag<\/p>\n<h3>\"V\u00e5r ambition \u00e4r skapa en plats dit du vill komma \u00e5ret om.\"<\/h3>\n\n<p>Xxxxxxxxx<\/p> Xxx XXxx <p>This is my favourite coffee shop when I'm in Toronto. Freshly roasted coffee with their in-house made coconut or almond milk if you want. All the staff members are lovely, compassionate, and genuine. Their non-caffeinated specialities are great too!\u00a0<\/p> <figure> <img src=\"https:\/\/waxholmscamping.com\/wp-content\/uploads\/2023\/02\/joshua.jpg\" width=\"125\" height=\"125\" title=\"Om oss\" alt=\"Om oss\"> <\/figure> Joshua Bennet CEO Star Studio <p>This was the first coffee shop I visited in Manhattan and I had to keep going back. The staff are so welcoming and the quality is there. From the beverages, to the interior, and even the WiFi, it's a perfect little coffee shop. The coolest thing was the latte art that surprised me - it's not everyday you find a pirate in your cup of joe!<\/p> <figure> <img src=\"https:\/\/waxholmscamping.com\/wp-content\/uploads\/2023\/02\/micchele.jpg\" width=\"125\" height=\"125\" title=\"Om oss\" alt=\"Om oss\"> <\/figure> Michelle Lau CEO She Boutique","_links":{"self":[{"href":"https:\/\/waxholmscamping.com\/de\/wp-json\/wp\/v2\/pages\/419","targetHints":{"allow":["GET"]}}],"collection":[{"href":"https:\/\/waxholmscamping.com\/de\/wp-json\/wp\/v2\/pages"}],"about":[{"href":"https:\/\/waxholmscamping.com\/de\/wp-json\/wp\/v2\/types\/page"}],"author":[{"embeddable":true,"href":"https:\/\/waxholmscamping.com\/de\/wp-json\/wp\/v2\/users\/1"}],"replies":[{"embeddable":true,"href":"https:\/\/waxholmscamping.com\/de\/wp-json\/wp\/v2\/comments?post=419"}],"version-history":[{"count":21,"href":"https:\/\/waxholmscamping.com\/de\/wp-json\/wp\/v2\/pages\/419\/revisions"}],"predecessor-version":[{"id":702,"href":"https:\/\/waxholmscamping.com\/de\/wp-json\/wp\/v2\/pages\/419\/revisions\/702"}],"wp:attachment":[{"href":"https:\/\/waxholmscamping.com\/de\/wp-json\/wp\/v2\/media?parent=419"}],"curies":[{"name":"wp","href":"https:\/\/api.w.org\/{rel}","templated":true}]}}