{"id":3,"date":"2023-02-06T14:57:29","date_gmt":"2023-02-06T13:57:29","guid":{"rendered":"https:\/\/waxholmscamping.com\/?page_id=3"},"modified":"2023-05-26T13:20:18","modified_gmt":"2023-05-26T11:20:18","slug":"integritetspolicy","status":"publish","type":"page","link":"https:\/\/waxholmscamping.com\/de\/integritetspolicy\/","title":{"rendered":"Datenschutzrichtlinie"},"content":{"rendered":"<h2 class=\"wp-block-heading\">Wer sind wir<\/h2>\n\n\n\n<p>Unsere Website-Adresse lautet: https:\/\/waxholmcamping.com.<\/p>\n\n\n\n<h2 class=\"wp-block-heading\">Kommentare<\/h2>\n\n\n\n<p>Wenn Besucher Kommentare auf der Website hinterlassen, erfassen wir die im Kommentarformular angezeigten Informationen sowie die IP-Adresse des Besuchers und den User-Agent-String des Browsers, um die Spam-Erkennung zu unterst\u00fctzen.<\/p>\n\n\n\n<p>Eine aus Ihrer E-Mail-Adresse erstellte anonymisierte Zeichenfolge (auch Hash-Wert genannt) kann an den Gravatar-Dienst gesendet werden, um festzustellen, ob Sie dort registriert sind. Die Datenschutzbestimmungen f\u00fcr den Gravatar-Dienst finden Sie unter https:\/\/automattic.com\/privacy\/. Sobald Ihr Kommentar genehmigt wurde, wird Ihr Profilbild zusammen mit Ihrem Kommentar \u00f6ffentlich angezeigt.<\/p>\n\n\n\n<h2 class=\"wp-block-heading\">Medien<\/h2>\n\n\n\n<p>Wenn Sie Bilder auf die Website hochladen, sollten Sie das Hochladen von Bildern vermeiden, bei denen die EXIF-Daten GPS-Standortdaten enthalten. Besucher der Website k\u00f6nnen alle Positionierungsdaten aus Bildern auf der Website herunterladen und abrufen.<\/p>\n\n\n\n<h2 class=\"wp-block-heading\">Cookie-Dateien<\/h2>\n\n\n\n<p>Wenn Sie einen Kommentar auf unserer Website hinterlassen, k\u00f6nnen Sie Ihren Namen, Ihre E-Mail-Adresse und Ihre Website-Adresse in Cookie-Dateien speichern. Dies dient Ihrer Bequemlichkeit, damit Sie diese Informationen nicht erneut eingeben m\u00fcssen, wenn Sie das n\u00e4chste Mal einen Kommentar posten. Diese Cookies sind ein Jahr lang g\u00fcltig.<\/p>\n\n\n\n<p>Wenn Sie unsere Anmeldeseite besuchen, setzen wir ein tempor\u00e4res Cookie, um zu pr\u00fcfen, ob Ihr Browser diese akzeptiert. Dieses Cookie enth\u00e4lt keine personenbezogenen Daten und verschwindet, wenn Sie Ihren Browser schlie\u00dfen.<\/p>\n\n\n\n<p>Wenn Sie sich anmelden, erstellen wir au\u00dferdem mehrere Cookie-Dateien, um Informationen \u00fcber Ihre Anmeldung und Ihre Auswahl an Bildschirmlayout-Designs zu speichern. Anmelde-Cookies sind zwei Tage lang g\u00fcltig und Layout-Auswahl-Cookies sind ein Jahr lang g\u00fcltig. Wenn Sie \u201eAngemeldet bleiben\u201c ankreuzen, bleibt Ihr Cookie zwei Wochen lang bestehen. Wenn Sie sich von Ihrem Konto abmelden, werden die Anmeldecookies gel\u00f6scht.<\/p>\n\n\n\n<p>Wenn Sie einen Artikel bearbeiten oder ver\u00f6ffentlichen, wird eine zus\u00e4tzliche Cookie-Datei in Ihrem Browser gespeichert. Diese Cookie-Datei enth\u00e4lt keine personenbezogenen Daten, sondern gibt lediglich die Beitrags-ID des gerade bearbeiteten Artikels an und l\u00e4uft nach 24 Stunden ab.<\/p>\n\n\n\n<h2 class=\"wp-block-heading\">Eingebettete Inhalte von anderen Websites<\/h2>\n\n\n\n<p>Artikel auf dieser Website k\u00f6nnen eingebettete Inhalte enthalten (z. B. Videos, Bilder, Artikel usw.). Eingebettete Inhalte von anderen Websites verhalten sich genauso, als ob der Besucher die andere Website besucht h\u00e4tte.<\/p>\n\n\n\n<p>Diese Websites k\u00f6nnen Informationen \u00fcber Sie sammeln, Cookies verwenden, zus\u00e4tzliches Tracking von Drittanbietern einbetten und Ihre Interaktion mit den eingebetteten Inhalten \u00fcberwachen, einschlie\u00dflich der Verfolgung Ihrer Interaktion mit diesen eingebetteten Inhalten, wenn Sie \u00fcber ein Konto verf\u00fcgen und auf der betreffenden Website angemeldet sind.<\/p>\n\n\n\n<h2 class=\"wp-block-heading\">Mit wem wir Ihre Daten teilen<\/h2>\n\n\n\n<p>Wenn Sie eine Passwortzur\u00fccksetzung anfordern, wird Ihre IP-Adresse in die Zur\u00fccksetzungs-E-Mail aufgenommen.<\/p>\n\n\n\n<h2 class=\"wp-block-heading\">Wie lange wir Ihre Daten aufbewahren<\/h2>\n\n\n\n<p>Wenn Sie einen Kommentar schreiben, werden der Kommentar und seine Metadaten auf unbestimmte Zeit gespeichert. Der Grund daf\u00fcr ist, dass wir Folgekommentare automatisch finden und genehmigen m\u00fcssen und sie nicht zur \u00dcberpr\u00fcfung in die Warteschlange stellen m\u00fcssen.<\/p>\n\n\n\n<p>Bei Nutzern, die sich auf Ihrer Website registrieren (sofern vorhanden), speichern wir auch die personenbezogenen Daten, die sie in ihrem Nutzerprofil eingeben. Alle Benutzer k\u00f6nnen ihre pers\u00f6nlichen Daten jederzeit einsehen, bearbeiten oder l\u00f6schen (mit der Ausnahme, dass sie ihren Benutzernamen nicht \u00e4ndern k\u00f6nnen). Sogar Site-Administratoren k\u00f6nnen diese Informationen sehen und bearbeiten.<\/p>\n\n\n\n<h2 class=\"wp-block-heading\">Welche Rechte Sie an Ihren Daten haben<\/h2>\n\n\n\n<p>Wenn Sie ein Konto haben oder Kommentare auf dieser Website gepostet haben, k\u00f6nnen Sie eine Exportdatei der personenbezogenen Daten anfordern, die wir \u00fcber Sie gespeichert haben, einschlie\u00dflich aller Informationen, die Sie uns zur Verf\u00fcgung gestellt haben. Sie k\u00f6nnen auch verlangen, dass wir alle personenbezogenen Daten, die wir \u00fcber Sie haben, l\u00f6schen. Hiervon ausgenommen sind Daten, zu deren Speicherung wir aus administrativen, rechtlichen oder sicherheitsrelevanten Gr\u00fcnden verpflichtet sind.<\/p>\n\n\n\n<h2 class=\"wp-block-heading\">Wohin Ihre Daten gesendet werden<\/h2>\n\n\n\n<p>Besucherkommentare k\u00f6nnen durch einen automatisierten Spam-Erkennungsdienst \u00fcberpr\u00fcft werden.<\/p>\n\n<!--themify_builder_content-->\n<div id=\"themify_builder_content-3\" data-postid=\"3\" class=\"themify_builder_content themify_builder_content-3 themify_builder tf_clear\">\n    <\/div>\n<!--\/themify_builder_content-->","protected":false},"excerpt":{"rendered":"<p>Vilka vi \u00e4r V\u00e5r webbplatsadress \u00e4r: https:\/\/waxholmscamping.com. Kommentarer N\u00e4r bes\u00f6kare l\u00e4mnar kommentarer p\u00e5 webbplatsen samlar vi in de uppgifter som visas i kommentarsformul\u00e4ret samt bes\u00f6karens IP-adress och webbl\u00e4sarens anv\u00e4ndaragent-str\u00e4ng som hj\u00e4lp f\u00f6r detektering av skr\u00e4ppost. En anonymiserad str\u00e4ng som skapats utifr\u00e5n din e-postadress (\u00e4ven kallat hash-v\u00e4rde) kan komma att s\u00e4ndas till tj\u00e4nsten Gravatar f\u00f6r att [&hellip;]<\/p>","protected":false},"author":1,"featured_media":0,"parent":0,"menu_order":0,"comment_status":"closed","ping_status":"open","template":"","meta":{"advanced_seo_description":"","jetpack_seo_html_title":"","jetpack_seo_noindex":false,"footnotes":""},"class_list":["post-3","page","type-page","status-publish","hentry","has-post-title","has-post-date","has-post-category","has-post-tag","has-post-comment","has-post-author",""],"jetpack_sharing_enabled":true,"builder_content":"","_links":{"self":[{"href":"https:\/\/waxholmscamping.com\/de\/wp-json\/wp\/v2\/pages\/3","targetHints":{"allow":["GET"]}}],"collection":[{"href":"https:\/\/waxholmscamping.com\/de\/wp-json\/wp\/v2\/pages"}],"about":[{"href":"https:\/\/waxholmscamping.com\/de\/wp-json\/wp\/v2\/types\/page"}],"author":[{"embeddable":true,"href":"https:\/\/waxholmscamping.com\/de\/wp-json\/wp\/v2\/users\/1"}],"replies":[{"embeddable":true,"href":"https:\/\/waxholmscamping.com\/de\/wp-json\/wp\/v2\/comments?post=3"}],"version-history":[{"count":2,"href":"https:\/\/waxholmscamping.com\/de\/wp-json\/wp\/v2\/pages\/3\/revisions"}],"predecessor-version":[{"id":742,"href":"https:\/\/waxholmscamping.com\/de\/wp-json\/wp\/v2\/pages\/3\/revisions\/742"}],"wp:attachment":[{"href":"https:\/\/waxholmscamping.com\/de\/wp-json\/wp\/v2\/media?parent=3"}],"curies":[{"name":"wp","href":"https:\/\/api.w.org\/{rel}","templated":true}]}}